{"id":10787,"date":"2016-07-20T13:01:23","date_gmt":"2016-07-20T18:01:23","guid":{"rendered":"http:\/\/www.importadorapromocional.com\/?post_type=product&#038;p=10787"},"modified":"2016-07-20T13:01:23","modified_gmt":"2016-07-20T18:01:23","slug":"libreta-flap-mediana","status":"publish","type":"product","link":"https:\/\/www.grabadoslaservip.com\/mx\/tienda\/promocionales\/articulos-g4\/libreta-flap-mediana\/","title":{"rendered":"LIBRETA FLAP MEDIANA"},"content":{"rendered":"<h2 style=\"color: #444444;\">PRODUCTO<\/h2>\n<table style=\"color: #444444;\" border=\"0\" cellspacing=\"0\" cellpadding=\"4\">\n<tbody>\n<tr>\n<td><strong>C\u00f3digo<\/strong><\/td>\n<td>lib-flm<\/td>\n<\/tr>\n<tr>\n<td><strong>Nombre<\/strong><\/td>\n<td>Libreta Flap mediana<\/td>\n<\/tr>\n<tr>\n<td><strong>Descripci\u00f3n<\/strong><\/td>\n<td>Libreta 80 Hojas Raya, papel \u00f3ptico Silky con certificaci\u00f3n FSC (Proveniente de bosques sustentables) Suave Cubierta satinada. Separador de list\u00f3n mismo color de cubierta. Cierre con solapa imantada. Pegada y cosida.<\/td>\n<\/tr>\n<tr>\n<td><strong>Material<\/strong><\/td>\n<td>PU<\/td>\n<\/tr>\n<tr>\n<td><strong>Punta<\/strong><\/td>\n<td>N\/A<\/td>\n<\/tr>\n<tr>\n<td><strong>Tinta<\/strong><\/td>\n<td>N\/A<\/td>\n<\/tr>\n<tr>\n<td><strong>Alto de producto (cm)<\/strong><\/td>\n<td>21<\/td>\n<\/tr>\n<tr>\n<td><strong>Ancho de producto (cm)<\/strong><\/td>\n<td>14.07<\/td>\n<\/tr>\n<tr>\n<td><strong>Fondo de producto (cm)<\/strong><\/td>\n<td>1.6<\/td>\n<\/tr>\n<tr>\n<td><strong>Contenido<\/strong><\/td>\n<td>N\/A<\/td>\n<\/tr>\n<\/tbody>\n<\/table>\n<h2 style=\"color: #444444;\">PROCESO DE DECORADO<\/h2>\n<table style=\"color: #444444;\" border=\"0\" cellspacing=\"0\" cellpadding=\"4\">\n<tbody>\n<tr>\n<td><strong>Tipo de Impresi\u00f3n 1<\/strong><\/td>\n<td>Laser<\/td>\n<\/tr>\n<tr>\n<td><strong>\u00c1rea de Impresi\u00f3n 1 (mm)<\/strong><\/td>\n<td>50 x 50<\/td>\n<\/tr>\n<tr>\n<td><strong>M\u00e1ximo de tintas 1<\/strong><\/td>\n<td>0<\/td>\n<\/tr>\n<tr>\n<td><strong>Tipo de Impresi\u00f3n 2<\/strong><\/td>\n<td>Serigrafia<\/td>\n<\/tr>\n<tr>\n<td><strong>\u00c1rea de Impresi\u00f3n 2 (mm)<\/strong><\/td>\n<td>40&#215;50<\/td>\n<\/tr>\n<tr>\n<td><strong>M\u00e1ximo de tintas 2<\/strong><\/td>\n<td>2<\/td>\n<\/tr>\n<\/tbody>\n<\/table>\n","protected":false},"excerpt":{"rendered":"<p>PRODUCTO C\u00f3digo lib-flm Nombre Libreta Flap mediana Descripci\u00f3n Libreta 80 Hojas Raya, papel \u00f3ptico Silky con certificaci\u00f3n FSC (Proveniente de bosques sustentables) Suave Cubierta satinada. Separador de list\u00f3n mismo color de cubierta. Cierre con solapa imantada. Pegada y cosida. Material PU Punta N\/A Tinta N\/A Alto de producto (cm) 21 Ancho de producto (cm) 14.07 [&hellip;]\n","protected":false},"featured_media":10790,"comment_status":"open","ping_status":"closed","template":"","meta":[],"product_cat":[197],"product_tag":[],"yoast_head":"<!-- This site is optimized with the Yoast SEO plugin v23.1 - https:\/\/yoast.com\/wordpress\/plugins\/seo\/ -->\n<title>LIBRETA FLAP MEDIANA - Grabados VIP<\/title>\n<meta name=\"robots\" content=\"index, follow, max-snippet:-1, max-image-preview:large, max-video-preview:-1\" \/>\n<link rel=\"canonical\" href=\"https:\/\/www.grabadoslaservip.com\/mx\/tienda\/promocionales\/articulos-g4\/libreta-flap-mediana\/\" \/>\n<meta property=\"og:locale\" content=\"es_ES\" \/>\n<meta property=\"og:type\" content=\"article\" \/>\n<meta property=\"og:title\" content=\"LIBRETA FLAP MEDIANA - Grabados VIP\" \/>\n<meta property=\"og:description\" content=\"PRODUCTO C\u00f3digo lib-flm Nombre Libreta Flap mediana Descripci\u00f3n Libreta 80 Hojas Raya, papel \u00f3ptico Silky con certificaci\u00f3n FSC (Proveniente de bosques sustentables) Suave Cubierta satinada. Separador de list\u00f3n mismo color de cubierta. Cierre con solapa imantada. Pegada y cosida. Material PU Punta N\/A Tinta N\/A Alto de producto (cm) 21 Ancho de producto (cm) 14.07 [&hellip;]\" \/>\n<meta property=\"og:url\" content=\"https:\/\/www.grabadoslaservip.com\/mx\/tienda\/promocionales\/articulos-g4\/libreta-flap-mediana\/\" \/>\n<meta property=\"og:site_name\" content=\"Grabados VIP\" \/>\n<meta property=\"og:image\" content=\"https:\/\/www.grabadoslaservip.com\/mx\/wp-content\/uploads\/2016\/07\/lib-flm-mie_zoom.jpg\" \/>\n\t<meta property=\"og:image:width\" content=\"1388\" \/>\n\t<meta property=\"og:image:height\" content=\"2362\" \/>\n\t<meta property=\"og:image:type\" content=\"image\/jpeg\" \/>\n<script type=\"application\/ld+json\" class=\"yoast-schema-graph\">{\"@context\":\"https:\/\/schema.org\",\"@graph\":[{\"@type\":\"WebPage\",\"@id\":\"https:\/\/www.grabadoslaservip.com\/mx\/tienda\/promocionales\/articulos-g4\/libreta-flap-mediana\/\",\"url\":\"https:\/\/www.grabadoslaservip.com\/mx\/tienda\/promocionales\/articulos-g4\/libreta-flap-mediana\/\",\"name\":\"LIBRETA FLAP MEDIANA - Grabados VIP\",\"isPartOf\":{\"@id\":\"https:\/\/www.grabadoslaservip.com\/mx\/#website\"},\"primaryImageOfPage\":{\"@id\":\"https:\/\/www.grabadoslaservip.com\/mx\/tienda\/promocionales\/articulos-g4\/libreta-flap-mediana\/#primaryimage\"},\"image\":{\"@id\":\"https:\/\/www.grabadoslaservip.com\/mx\/tienda\/promocionales\/articulos-g4\/libreta-flap-mediana\/#primaryimage\"},\"thumbnailUrl\":\"https:\/\/www.grabadoslaservip.com\/mx\/wp-content\/uploads\/2016\/07\/lib-flm-mie_zoom.jpg\",\"datePublished\":\"2016-07-20T18:01:23+00:00\",\"dateModified\":\"2016-07-20T18:01:23+00:00\",\"breadcrumb\":{\"@id\":\"https:\/\/www.grabadoslaservip.com\/mx\/tienda\/promocionales\/articulos-g4\/libreta-flap-mediana\/#breadcrumb\"},\"inLanguage\":\"es\",\"potentialAction\":[{\"@type\":\"ReadAction\",\"target\":[\"https:\/\/www.grabadoslaservip.com\/mx\/tienda\/promocionales\/articulos-g4\/libreta-flap-mediana\/\"]}]},{\"@type\":\"ImageObject\",\"inLanguage\":\"es\",\"@id\":\"https:\/\/www.grabadoslaservip.com\/mx\/tienda\/promocionales\/articulos-g4\/libreta-flap-mediana\/#primaryimage\",\"url\":\"https:\/\/www.grabadoslaservip.com\/mx\/wp-content\/uploads\/2016\/07\/lib-flm-mie_zoom.jpg\",\"contentUrl\":\"https:\/\/www.grabadoslaservip.com\/mx\/wp-content\/uploads\/2016\/07\/lib-flm-mie_zoom.jpg\",\"width\":1388,\"height\":2362},{\"@type\":\"BreadcrumbList\",\"@id\":\"https:\/\/www.grabadoslaservip.com\/mx\/tienda\/promocionales\/articulos-g4\/libreta-flap-mediana\/#breadcrumb\",\"itemListElement\":[{\"@type\":\"ListItem\",\"position\":1,\"name\":\"Portada\",\"item\":\"https:\/\/www.grabadoslaservip.com\/mx\/\"},{\"@type\":\"ListItem\",\"position\":2,\"name\":\"Tienda\",\"item\":\"https:\/\/www.grabadoslaservip.com\/mx\/tienda\/\"},{\"@type\":\"ListItem\",\"position\":3,\"name\":\"LIBRETA FLAP MEDIANA\"}]},{\"@type\":\"WebSite\",\"@id\":\"https:\/\/www.grabadoslaservip.com\/mx\/#website\",\"url\":\"https:\/\/www.grabadoslaservip.com\/mx\/\",\"name\":\"Grabados VIP\",\"description\":\"\",\"potentialAction\":[{\"@type\":\"SearchAction\",\"target\":{\"@type\":\"EntryPoint\",\"urlTemplate\":\"https:\/\/www.grabadoslaservip.com\/mx\/?s={search_term_string}\"},\"query-input\":\"required name=search_term_string\"}],\"inLanguage\":\"es\"}]}<\/script>\n<!-- \/ Yoast SEO plugin. -->","yoast_head_json":{"title":"LIBRETA FLAP MEDIANA - Grabados VIP","robots":{"index":"index","follow":"follow","max-snippet":"max-snippet:-1","max-image-preview":"max-image-preview:large","max-video-preview":"max-video-preview:-1"},"canonical":"https:\/\/www.grabadoslaservip.com\/mx\/tienda\/promocionales\/articulos-g4\/libreta-flap-mediana\/","og_locale":"es_ES","og_type":"article","og_title":"LIBRETA FLAP MEDIANA - Grabados VIP","og_description":"PRODUCTO C\u00f3digo lib-flm Nombre Libreta Flap mediana Descripci\u00f3n Libreta 80 Hojas Raya, papel \u00f3ptico Silky con certificaci\u00f3n FSC (Proveniente de bosques sustentables) Suave Cubierta satinada. Separador de list\u00f3n mismo color de cubierta. Cierre con solapa imantada. Pegada y cosida. Material PU Punta N\/A Tinta N\/A Alto de producto (cm) 21 Ancho de producto (cm) 14.07 [&hellip;]","og_url":"https:\/\/www.grabadoslaservip.com\/mx\/tienda\/promocionales\/articulos-g4\/libreta-flap-mediana\/","og_site_name":"Grabados VIP","og_image":[{"width":1388,"height":2362,"url":"https:\/\/www.grabadoslaservip.com\/mx\/wp-content\/uploads\/2016\/07\/lib-flm-mie_zoom.jpg","type":"image\/jpeg"}],"schema":{"@context":"https:\/\/schema.org","@graph":[{"@type":"WebPage","@id":"https:\/\/www.grabadoslaservip.com\/mx\/tienda\/promocionales\/articulos-g4\/libreta-flap-mediana\/","url":"https:\/\/www.grabadoslaservip.com\/mx\/tienda\/promocionales\/articulos-g4\/libreta-flap-mediana\/","name":"LIBRETA FLAP MEDIANA - Grabados VIP","isPartOf":{"@id":"https:\/\/www.grabadoslaservip.com\/mx\/#website"},"primaryImageOfPage":{"@id":"https:\/\/www.grabadoslaservip.com\/mx\/tienda\/promocionales\/articulos-g4\/libreta-flap-mediana\/#primaryimage"},"image":{"@id":"https:\/\/www.grabadoslaservip.com\/mx\/tienda\/promocionales\/articulos-g4\/libreta-flap-mediana\/#primaryimage"},"thumbnailUrl":"https:\/\/www.grabadoslaservip.com\/mx\/wp-content\/uploads\/2016\/07\/lib-flm-mie_zoom.jpg","datePublished":"2016-07-20T18:01:23+00:00","dateModified":"2016-07-20T18:01:23+00:00","breadcrumb":{"@id":"https:\/\/www.grabadoslaservip.com\/mx\/tienda\/promocionales\/articulos-g4\/libreta-flap-mediana\/#breadcrumb"},"inLanguage":"es","potentialAction":[{"@type":"ReadAction","target":["https:\/\/www.grabadoslaservip.com\/mx\/tienda\/promocionales\/articulos-g4\/libreta-flap-mediana\/"]}]},{"@type":"ImageObject","inLanguage":"es","@id":"https:\/\/www.grabadoslaservip.com\/mx\/tienda\/promocionales\/articulos-g4\/libreta-flap-mediana\/#primaryimage","url":"https:\/\/www.grabadoslaservip.com\/mx\/wp-content\/uploads\/2016\/07\/lib-flm-mie_zoom.jpg","contentUrl":"https:\/\/www.grabadoslaservip.com\/mx\/wp-content\/uploads\/2016\/07\/lib-flm-mie_zoom.jpg","width":1388,"height":2362},{"@type":"BreadcrumbList","@id":"https:\/\/www.grabadoslaservip.com\/mx\/tienda\/promocionales\/articulos-g4\/libreta-flap-mediana\/#breadcrumb","itemListElement":[{"@type":"ListItem","position":1,"name":"Portada","item":"https:\/\/www.grabadoslaservip.com\/mx\/"},{"@type":"ListItem","position":2,"name":"Tienda","item":"https:\/\/www.grabadoslaservip.com\/mx\/tienda\/"},{"@type":"ListItem","position":3,"name":"LIBRETA FLAP MEDIANA"}]},{"@type":"WebSite","@id":"https:\/\/www.grabadoslaservip.com\/mx\/#website","url":"https:\/\/www.grabadoslaservip.com\/mx\/","name":"Grabados VIP","description":"","potentialAction":[{"@type":"SearchAction","target":{"@type":"EntryPoint","urlTemplate":"https:\/\/www.grabadoslaservip.com\/mx\/?s={search_term_string}"},"query-input":"required name=search_term_string"}],"inLanguage":"es"}]}},"_links":{"self":[{"href":"https:\/\/www.grabadoslaservip.com\/mx\/wp-json\/wp\/v2\/product\/10787"}],"collection":[{"href":"https:\/\/www.grabadoslaservip.com\/mx\/wp-json\/wp\/v2\/product"}],"about":[{"href":"https:\/\/www.grabadoslaservip.com\/mx\/wp-json\/wp\/v2\/types\/product"}],"replies":[{"embeddable":true,"href":"https:\/\/www.grabadoslaservip.com\/mx\/wp-json\/wp\/v2\/comments?post=10787"}],"wp:featuredmedia":[{"embeddable":true,"href":"https:\/\/www.grabadoslaservip.com\/mx\/wp-json\/wp\/v2\/media\/10790"}],"wp:attachment":[{"href":"https:\/\/www.grabadoslaservip.com\/mx\/wp-json\/wp\/v2\/media?parent=10787"}],"wp:term":[{"taxonomy":"product_cat","embeddable":true,"href":"https:\/\/www.grabadoslaservip.com\/mx\/wp-json\/wp\/v2\/product_cat?post=10787"},{"taxonomy":"product_tag","embeddable":true,"href":"https:\/\/www.grabadoslaservip.com\/mx\/wp-json\/wp\/v2\/product_tag?post=10787"}],"curies":[{"name":"wp","href":"https:\/\/api.w.org\/{rel}","templated":true}]}}