{"id":10793,"date":"2016-07-20T13:04:22","date_gmt":"2016-07-20T18:04:22","guid":{"rendered":"http:\/\/www.importadorapromocional.com\/?post_type=product&#038;p=10793"},"modified":"2016-07-20T13:04:22","modified_gmt":"2016-07-20T18:04:22","slug":"libreta-kokuyo-b5","status":"publish","type":"product","link":"https:\/\/www.grabadoslaservip.com\/mx\/tienda\/promocionales\/articulos-g4\/libreta-kokuyo-b5\/","title":{"rendered":"LIBRETA KOKUYO B5"},"content":{"rendered":"<h2 style=\"color: #444444;\">PRODUCTO<\/h2>\n<table style=\"color: #444444;\" border=\"0\" cellspacing=\"0\" cellpadding=\"4\">\n<tbody>\n<tr>\n<td><strong>C\u00f3digo<\/strong><\/td>\n<td>lib-kb5-bla<\/td>\n<\/tr>\n<tr>\n<td><strong>Nombre<\/strong><\/td>\n<td>Libreta Kokuyo B5<\/td>\n<\/tr>\n<tr>\n<td><strong>Descripci\u00f3n<\/strong><\/td>\n<td>Libreta Japonesa 100 Hojas Raya, papel \u00f3ptico Silky extra suave. Funda negra de poliuretano con textura. Pegada y cosida.<\/td>\n<\/tr>\n<tr>\n<td><strong>Material<\/strong><\/td>\n<td>Funda de Poliuretano (PU) textura<\/td>\n<\/tr>\n<tr>\n<td><strong>Punta<\/strong><\/td>\n<td>N\/A<\/td>\n<\/tr>\n<tr>\n<td><strong>Tinta<\/strong><\/td>\n<td>N\/A<\/td>\n<\/tr>\n<tr>\n<td><strong>Alto de producto (cm)<\/strong><\/td>\n<td>26<\/td>\n<\/tr>\n<tr>\n<td><strong>Ancho de producto (cm)<\/strong><\/td>\n<td>18.5<\/td>\n<\/tr>\n<tr>\n<td><strong>Fondo de producto (cm)<\/strong><\/td>\n<td>1.2<\/td>\n<\/tr>\n<tr>\n<td><strong>Contenido<\/strong><\/td>\n<td>100 hojas<\/td>\n<\/tr>\n<\/tbody>\n<\/table>\n<h2 style=\"color: #444444;\">PROCESO DE DECORADO<\/h2>\n<table style=\"color: #444444;\" border=\"0\" cellspacing=\"0\" cellpadding=\"4\">\n<tbody>\n<tr>\n<td><strong>Tipo de Impresi\u00f3n 1<\/strong><\/td>\n<td>Hot Stamping<\/td>\n<\/tr>\n<tr>\n<td><strong>\u00c1rea de Impresi\u00f3n 1 (mm)<\/strong><\/td>\n<td>80 x 40<\/td>\n<\/tr>\n<tr>\n<td><strong>M\u00e1ximo de tintas 1<\/strong><\/td>\n<td>0<\/td>\n<\/tr>\n<tr>\n<td><strong>Tipo de Impresi\u00f3n 2<\/strong><\/td>\n<td>N\/A<\/td>\n<\/tr>\n<tr>\n<td><strong>\u00c1rea de Impresi\u00f3n 2 (mm)<\/strong><\/td>\n<td>N\/A<\/td>\n<\/tr>\n<tr>\n<td><strong>M\u00e1ximo de tintas 2<\/strong><\/td>\n<td>0<\/td>\n<\/tr>\n<\/tbody>\n<\/table>\n","protected":false},"excerpt":{"rendered":"<p>PRODUCTO C\u00f3digo lib-kb5-bla Nombre Libreta Kokuyo B5 Descripci\u00f3n Libreta Japonesa 100 Hojas Raya, papel \u00f3ptico Silky extra suave. Funda negra de poliuretano con textura. Pegada y cosida. Material Funda de Poliuretano (PU) textura Punta N\/A Tinta N\/A Alto de producto (cm) 26 Ancho de producto (cm) 18.5 Fondo de producto (cm) 1.2 Contenido 100 hojas [&hellip;]\n","protected":false},"featured_media":10794,"comment_status":"open","ping_status":"closed","template":"","meta":[],"product_cat":[197],"product_tag":[],"yoast_head":"<!-- This site is optimized with the Yoast SEO plugin v23.1 - https:\/\/yoast.com\/wordpress\/plugins\/seo\/ -->\n<title>LIBRETA KOKUYO B5 - Grabados VIP<\/title>\n<meta name=\"robots\" content=\"index, follow, max-snippet:-1, max-image-preview:large, max-video-preview:-1\" \/>\n<link rel=\"canonical\" href=\"https:\/\/www.grabadoslaservip.com\/mx\/tienda\/promocionales\/articulos-g4\/libreta-kokuyo-b5\/\" \/>\n<meta property=\"og:locale\" content=\"es_ES\" \/>\n<meta property=\"og:type\" content=\"article\" \/>\n<meta property=\"og:title\" content=\"LIBRETA KOKUYO B5 - Grabados VIP\" \/>\n<meta property=\"og:description\" content=\"PRODUCTO C\u00f3digo lib-kb5-bla Nombre Libreta Kokuyo B5 Descripci\u00f3n Libreta Japonesa 100 Hojas Raya, papel \u00f3ptico Silky extra suave. Funda negra de poliuretano con textura. Pegada y cosida. Material Funda de Poliuretano (PU) textura Punta N\/A Tinta N\/A Alto de producto (cm) 26 Ancho de producto (cm) 18.5 Fondo de producto (cm) 1.2 Contenido 100 hojas [&hellip;]\" \/>\n<meta property=\"og:url\" content=\"https:\/\/www.grabadoslaservip.com\/mx\/tienda\/promocionales\/articulos-g4\/libreta-kokuyo-b5\/\" \/>\n<meta property=\"og:site_name\" content=\"Grabados VIP\" \/>\n<meta property=\"og:image\" content=\"https:\/\/www.grabadoslaservip.com\/mx\/wp-content\/uploads\/2016\/07\/lib-kb5-bla_zoom.jpg\" \/>\n\t<meta property=\"og:image:width\" content=\"1131\" \/>\n\t<meta property=\"og:image:height\" content=\"1575\" \/>\n\t<meta property=\"og:image:type\" content=\"image\/jpeg\" \/>\n<script type=\"application\/ld+json\" class=\"yoast-schema-graph\">{\"@context\":\"https:\/\/schema.org\",\"@graph\":[{\"@type\":\"WebPage\",\"@id\":\"https:\/\/www.grabadoslaservip.com\/mx\/tienda\/promocionales\/articulos-g4\/libreta-kokuyo-b5\/\",\"url\":\"https:\/\/www.grabadoslaservip.com\/mx\/tienda\/promocionales\/articulos-g4\/libreta-kokuyo-b5\/\",\"name\":\"LIBRETA KOKUYO B5 - Grabados VIP\",\"isPartOf\":{\"@id\":\"https:\/\/www.grabadoslaservip.com\/mx\/#website\"},\"primaryImageOfPage\":{\"@id\":\"https:\/\/www.grabadoslaservip.com\/mx\/tienda\/promocionales\/articulos-g4\/libreta-kokuyo-b5\/#primaryimage\"},\"image\":{\"@id\":\"https:\/\/www.grabadoslaservip.com\/mx\/tienda\/promocionales\/articulos-g4\/libreta-kokuyo-b5\/#primaryimage\"},\"thumbnailUrl\":\"https:\/\/www.grabadoslaservip.com\/mx\/wp-content\/uploads\/2016\/07\/lib-kb5-bla_zoom.jpg\",\"datePublished\":\"2016-07-20T18:04:22+00:00\",\"dateModified\":\"2016-07-20T18:04:22+00:00\",\"breadcrumb\":{\"@id\":\"https:\/\/www.grabadoslaservip.com\/mx\/tienda\/promocionales\/articulos-g4\/libreta-kokuyo-b5\/#breadcrumb\"},\"inLanguage\":\"es\",\"potentialAction\":[{\"@type\":\"ReadAction\",\"target\":[\"https:\/\/www.grabadoslaservip.com\/mx\/tienda\/promocionales\/articulos-g4\/libreta-kokuyo-b5\/\"]}]},{\"@type\":\"ImageObject\",\"inLanguage\":\"es\",\"@id\":\"https:\/\/www.grabadoslaservip.com\/mx\/tienda\/promocionales\/articulos-g4\/libreta-kokuyo-b5\/#primaryimage\",\"url\":\"https:\/\/www.grabadoslaservip.com\/mx\/wp-content\/uploads\/2016\/07\/lib-kb5-bla_zoom.jpg\",\"contentUrl\":\"https:\/\/www.grabadoslaservip.com\/mx\/wp-content\/uploads\/2016\/07\/lib-kb5-bla_zoom.jpg\",\"width\":1131,\"height\":1575},{\"@type\":\"BreadcrumbList\",\"@id\":\"https:\/\/www.grabadoslaservip.com\/mx\/tienda\/promocionales\/articulos-g4\/libreta-kokuyo-b5\/#breadcrumb\",\"itemListElement\":[{\"@type\":\"ListItem\",\"position\":1,\"name\":\"Portada\",\"item\":\"https:\/\/www.grabadoslaservip.com\/mx\/\"},{\"@type\":\"ListItem\",\"position\":2,\"name\":\"Tienda\",\"item\":\"https:\/\/www.grabadoslaservip.com\/mx\/tienda\/\"},{\"@type\":\"ListItem\",\"position\":3,\"name\":\"LIBRETA KOKUYO B5\"}]},{\"@type\":\"WebSite\",\"@id\":\"https:\/\/www.grabadoslaservip.com\/mx\/#website\",\"url\":\"https:\/\/www.grabadoslaservip.com\/mx\/\",\"name\":\"Grabados VIP\",\"description\":\"\",\"potentialAction\":[{\"@type\":\"SearchAction\",\"target\":{\"@type\":\"EntryPoint\",\"urlTemplate\":\"https:\/\/www.grabadoslaservip.com\/mx\/?s={search_term_string}\"},\"query-input\":\"required name=search_term_string\"}],\"inLanguage\":\"es\"}]}<\/script>\n<!-- \/ Yoast SEO plugin. -->","yoast_head_json":{"title":"LIBRETA KOKUYO B5 - Grabados VIP","robots":{"index":"index","follow":"follow","max-snippet":"max-snippet:-1","max-image-preview":"max-image-preview:large","max-video-preview":"max-video-preview:-1"},"canonical":"https:\/\/www.grabadoslaservip.com\/mx\/tienda\/promocionales\/articulos-g4\/libreta-kokuyo-b5\/","og_locale":"es_ES","og_type":"article","og_title":"LIBRETA KOKUYO B5 - Grabados VIP","og_description":"PRODUCTO C\u00f3digo lib-kb5-bla Nombre Libreta Kokuyo B5 Descripci\u00f3n Libreta Japonesa 100 Hojas Raya, papel \u00f3ptico Silky extra suave. Funda negra de poliuretano con textura. Pegada y cosida. Material Funda de Poliuretano (PU) textura Punta N\/A Tinta N\/A Alto de producto (cm) 26 Ancho de producto (cm) 18.5 Fondo de producto (cm) 1.2 Contenido 100 hojas [&hellip;]","og_url":"https:\/\/www.grabadoslaservip.com\/mx\/tienda\/promocionales\/articulos-g4\/libreta-kokuyo-b5\/","og_site_name":"Grabados VIP","og_image":[{"width":1131,"height":1575,"url":"https:\/\/www.grabadoslaservip.com\/mx\/wp-content\/uploads\/2016\/07\/lib-kb5-bla_zoom.jpg","type":"image\/jpeg"}],"schema":{"@context":"https:\/\/schema.org","@graph":[{"@type":"WebPage","@id":"https:\/\/www.grabadoslaservip.com\/mx\/tienda\/promocionales\/articulos-g4\/libreta-kokuyo-b5\/","url":"https:\/\/www.grabadoslaservip.com\/mx\/tienda\/promocionales\/articulos-g4\/libreta-kokuyo-b5\/","name":"LIBRETA KOKUYO B5 - Grabados VIP","isPartOf":{"@id":"https:\/\/www.grabadoslaservip.com\/mx\/#website"},"primaryImageOfPage":{"@id":"https:\/\/www.grabadoslaservip.com\/mx\/tienda\/promocionales\/articulos-g4\/libreta-kokuyo-b5\/#primaryimage"},"image":{"@id":"https:\/\/www.grabadoslaservip.com\/mx\/tienda\/promocionales\/articulos-g4\/libreta-kokuyo-b5\/#primaryimage"},"thumbnailUrl":"https:\/\/www.grabadoslaservip.com\/mx\/wp-content\/uploads\/2016\/07\/lib-kb5-bla_zoom.jpg","datePublished":"2016-07-20T18:04:22+00:00","dateModified":"2016-07-20T18:04:22+00:00","breadcrumb":{"@id":"https:\/\/www.grabadoslaservip.com\/mx\/tienda\/promocionales\/articulos-g4\/libreta-kokuyo-b5\/#breadcrumb"},"inLanguage":"es","potentialAction":[{"@type":"ReadAction","target":["https:\/\/www.grabadoslaservip.com\/mx\/tienda\/promocionales\/articulos-g4\/libreta-kokuyo-b5\/"]}]},{"@type":"ImageObject","inLanguage":"es","@id":"https:\/\/www.grabadoslaservip.com\/mx\/tienda\/promocionales\/articulos-g4\/libreta-kokuyo-b5\/#primaryimage","url":"https:\/\/www.grabadoslaservip.com\/mx\/wp-content\/uploads\/2016\/07\/lib-kb5-bla_zoom.jpg","contentUrl":"https:\/\/www.grabadoslaservip.com\/mx\/wp-content\/uploads\/2016\/07\/lib-kb5-bla_zoom.jpg","width":1131,"height":1575},{"@type":"BreadcrumbList","@id":"https:\/\/www.grabadoslaservip.com\/mx\/tienda\/promocionales\/articulos-g4\/libreta-kokuyo-b5\/#breadcrumb","itemListElement":[{"@type":"ListItem","position":1,"name":"Portada","item":"https:\/\/www.grabadoslaservip.com\/mx\/"},{"@type":"ListItem","position":2,"name":"Tienda","item":"https:\/\/www.grabadoslaservip.com\/mx\/tienda\/"},{"@type":"ListItem","position":3,"name":"LIBRETA KOKUYO B5"}]},{"@type":"WebSite","@id":"https:\/\/www.grabadoslaservip.com\/mx\/#website","url":"https:\/\/www.grabadoslaservip.com\/mx\/","name":"Grabados VIP","description":"","potentialAction":[{"@type":"SearchAction","target":{"@type":"EntryPoint","urlTemplate":"https:\/\/www.grabadoslaservip.com\/mx\/?s={search_term_string}"},"query-input":"required name=search_term_string"}],"inLanguage":"es"}]}},"_links":{"self":[{"href":"https:\/\/www.grabadoslaservip.com\/mx\/wp-json\/wp\/v2\/product\/10793"}],"collection":[{"href":"https:\/\/www.grabadoslaservip.com\/mx\/wp-json\/wp\/v2\/product"}],"about":[{"href":"https:\/\/www.grabadoslaservip.com\/mx\/wp-json\/wp\/v2\/types\/product"}],"replies":[{"embeddable":true,"href":"https:\/\/www.grabadoslaservip.com\/mx\/wp-json\/wp\/v2\/comments?post=10793"}],"wp:featuredmedia":[{"embeddable":true,"href":"https:\/\/www.grabadoslaservip.com\/mx\/wp-json\/wp\/v2\/media\/10794"}],"wp:attachment":[{"href":"https:\/\/www.grabadoslaservip.com\/mx\/wp-json\/wp\/v2\/media?parent=10793"}],"wp:term":[{"taxonomy":"product_cat","embeddable":true,"href":"https:\/\/www.grabadoslaservip.com\/mx\/wp-json\/wp\/v2\/product_cat?post=10793"},{"taxonomy":"product_tag","embeddable":true,"href":"https:\/\/www.grabadoslaservip.com\/mx\/wp-json\/wp\/v2\/product_tag?post=10793"}],"curies":[{"name":"wp","href":"https:\/\/api.w.org\/{rel}","templated":true}]}}