{"id":10810,"date":"2016-07-25T09:49:03","date_gmt":"2016-07-25T14:49:03","guid":{"rendered":"http:\/\/www.importadorapromocional.com\/?post_type=product&#038;p=10810"},"modified":"2016-07-25T09:49:03","modified_gmt":"2016-07-25T14:49:03","slug":"libreta-wagner-maglok","status":"publish","type":"product","link":"https:\/\/www.grabadoslaservip.com\/mx\/tienda\/promocionales\/articulos-g4\/libreta-wagner-maglok\/","title":{"rendered":"LIBRETA WAGNER MAGLOK"},"content":{"rendered":"<h2 style=\"color: #444444;\">PRODUCTO<\/h2>\n<table style=\"color: #444444;\" border=\"0\" cellspacing=\"0\" cellpadding=\"4\">\n<tbody>\n<tr>\n<td><strong>C\u00f3digo<\/strong><\/td>\n<td>lib-mlo<\/td>\n<\/tr>\n<tr>\n<td><strong>Nombre<\/strong><\/td>\n<td>Libreta Wagner Maglok<\/td>\n<\/tr>\n<tr>\n<td><strong>Descripci\u00f3n<\/strong><\/td>\n<td>Libreta 120 Hojas Raya, papel \u00f3ptico Silky con certificaci\u00f3n FSC (Proveniente de bosques sustentables) Suave Cubierta satinada con broche de metal vaciado con cierre magn\u00e9tico. Separador de list\u00f3n negro. Pegada y cosida.<\/td>\n<\/tr>\n<tr>\n<td><strong>Material<\/strong><\/td>\n<td>PU + Broche Metal<\/td>\n<\/tr>\n<tr>\n<td><strong>Punta<\/strong><\/td>\n<td>N\/A<\/td>\n<\/tr>\n<tr>\n<td><strong>Tinta<\/strong><\/td>\n<td>N\/A<\/td>\n<\/tr>\n<tr>\n<td><strong>Alto de producto (cm)<\/strong><\/td>\n<td>21<\/td>\n<\/tr>\n<tr>\n<td><strong>Ancho de producto (cm)<\/strong><\/td>\n<td>13.7<\/td>\n<\/tr>\n<tr>\n<td><strong>Fondo de producto (cm)<\/strong><\/td>\n<td>1.8<\/td>\n<\/tr>\n<tr>\n<td><strong>Contenido<\/strong><\/td>\n<td>120 Hojas Rayadas<\/td>\n<\/tr>\n<\/tbody>\n<\/table>\n<h2 style=\"color: #444444;\">PROCESO DE DECORADO<\/h2>\n<table style=\"color: #444444;\" border=\"0\" cellspacing=\"0\" cellpadding=\"4\">\n<tbody>\n<tr>\n<td><strong>Tipo de Impresi\u00f3n 1<\/strong><\/td>\n<td>L?ser<\/td>\n<\/tr>\n<tr>\n<td><strong>\u00c1rea de Impresi\u00f3n 1 (mm)<\/strong><\/td>\n<td>50&#215;50<\/td>\n<\/tr>\n<tr>\n<td><strong>M\u00e1ximo de tintas 1<\/strong><\/td>\n<td>0<\/td>\n<\/tr>\n<tr>\n<td><strong>Tipo de Impresi\u00f3n 2<\/strong><\/td>\n<td>N\/A<\/td>\n<\/tr>\n<tr>\n<td><strong>\u00c1rea de Impresi\u00f3n 2 (mm)<\/strong><\/td>\n<td>N\/A<\/td>\n<\/tr>\n<tr>\n<td><strong>M\u00e1ximo de tintas 2<\/strong><\/td>\n<td>0<\/td>\n<\/tr>\n<\/tbody>\n<\/table>\n","protected":false},"excerpt":{"rendered":"<p>PRODUCTO C\u00f3digo lib-mlo Nombre Libreta Wagner Maglok Descripci\u00f3n Libreta 120 Hojas Raya, papel \u00f3ptico Silky con certificaci\u00f3n FSC (Proveniente de bosques sustentables) Suave Cubierta satinada con broche de metal vaciado con cierre magn\u00e9tico. Separador de list\u00f3n negro. Pegada y cosida. Material PU + Broche Metal Punta N\/A Tinta N\/A Alto de producto (cm) 21 Ancho [&hellip;]\n","protected":false},"featured_media":10811,"comment_status":"open","ping_status":"closed","template":"","meta":[],"product_cat":[197],"product_tag":[],"yoast_head":"<!-- This site is optimized with the Yoast SEO plugin v23.1 - https:\/\/yoast.com\/wordpress\/plugins\/seo\/ -->\n<title>LIBRETA WAGNER MAGLOK - Grabados VIP<\/title>\n<meta name=\"robots\" content=\"index, follow, max-snippet:-1, max-image-preview:large, max-video-preview:-1\" \/>\n<link rel=\"canonical\" href=\"https:\/\/www.grabadoslaservip.com\/mx\/tienda\/promocionales\/articulos-g4\/libreta-wagner-maglok\/\" \/>\n<meta property=\"og:locale\" content=\"es_ES\" \/>\n<meta property=\"og:type\" content=\"article\" \/>\n<meta property=\"og:title\" content=\"LIBRETA WAGNER MAGLOK - Grabados VIP\" \/>\n<meta property=\"og:description\" content=\"PRODUCTO C\u00f3digo lib-mlo Nombre Libreta Wagner Maglok Descripci\u00f3n Libreta 120 Hojas Raya, papel \u00f3ptico Silky con certificaci\u00f3n FSC (Proveniente de bosques sustentables) Suave Cubierta satinada con broche de metal vaciado con cierre magn\u00e9tico. Separador de list\u00f3n negro. Pegada y cosida. Material PU + Broche Metal Punta N\/A Tinta N\/A Alto de producto (cm) 21 Ancho [&hellip;]\" \/>\n<meta property=\"og:url\" content=\"https:\/\/www.grabadoslaservip.com\/mx\/tienda\/promocionales\/articulos-g4\/libreta-wagner-maglok\/\" \/>\n<meta property=\"og:site_name\" content=\"Grabados VIP\" \/>\n<meta property=\"og:image\" content=\"https:\/\/www.grabadoslaservip.com\/mx\/wp-content\/uploads\/2016\/07\/lib-mlo-neg_zoom.jpg\" \/>\n\t<meta property=\"og:image:width\" content=\"1065\" \/>\n\t<meta property=\"og:image:height\" content=\"1575\" \/>\n\t<meta property=\"og:image:type\" content=\"image\/jpeg\" \/>\n<meta name=\"twitter:label1\" content=\"Tiempo de lectura\" \/>\n\t<meta name=\"twitter:data1\" content=\"1 minuto\" \/>\n<script type=\"application\/ld+json\" class=\"yoast-schema-graph\">{\"@context\":\"https:\/\/schema.org\",\"@graph\":[{\"@type\":\"WebPage\",\"@id\":\"https:\/\/www.grabadoslaservip.com\/mx\/tienda\/promocionales\/articulos-g4\/libreta-wagner-maglok\/\",\"url\":\"https:\/\/www.grabadoslaservip.com\/mx\/tienda\/promocionales\/articulos-g4\/libreta-wagner-maglok\/\",\"name\":\"LIBRETA WAGNER MAGLOK - Grabados VIP\",\"isPartOf\":{\"@id\":\"https:\/\/www.grabadoslaservip.com\/mx\/#website\"},\"primaryImageOfPage\":{\"@id\":\"https:\/\/www.grabadoslaservip.com\/mx\/tienda\/promocionales\/articulos-g4\/libreta-wagner-maglok\/#primaryimage\"},\"image\":{\"@id\":\"https:\/\/www.grabadoslaservip.com\/mx\/tienda\/promocionales\/articulos-g4\/libreta-wagner-maglok\/#primaryimage\"},\"thumbnailUrl\":\"https:\/\/www.grabadoslaservip.com\/mx\/wp-content\/uploads\/2016\/07\/lib-mlo-neg_zoom.jpg\",\"datePublished\":\"2016-07-25T14:49:03+00:00\",\"dateModified\":\"2016-07-25T14:49:03+00:00\",\"breadcrumb\":{\"@id\":\"https:\/\/www.grabadoslaservip.com\/mx\/tienda\/promocionales\/articulos-g4\/libreta-wagner-maglok\/#breadcrumb\"},\"inLanguage\":\"es\",\"potentialAction\":[{\"@type\":\"ReadAction\",\"target\":[\"https:\/\/www.grabadoslaservip.com\/mx\/tienda\/promocionales\/articulos-g4\/libreta-wagner-maglok\/\"]}]},{\"@type\":\"ImageObject\",\"inLanguage\":\"es\",\"@id\":\"https:\/\/www.grabadoslaservip.com\/mx\/tienda\/promocionales\/articulos-g4\/libreta-wagner-maglok\/#primaryimage\",\"url\":\"https:\/\/www.grabadoslaservip.com\/mx\/wp-content\/uploads\/2016\/07\/lib-mlo-neg_zoom.jpg\",\"contentUrl\":\"https:\/\/www.grabadoslaservip.com\/mx\/wp-content\/uploads\/2016\/07\/lib-mlo-neg_zoom.jpg\",\"width\":1065,\"height\":1575},{\"@type\":\"BreadcrumbList\",\"@id\":\"https:\/\/www.grabadoslaservip.com\/mx\/tienda\/promocionales\/articulos-g4\/libreta-wagner-maglok\/#breadcrumb\",\"itemListElement\":[{\"@type\":\"ListItem\",\"position\":1,\"name\":\"Portada\",\"item\":\"https:\/\/www.grabadoslaservip.com\/mx\/\"},{\"@type\":\"ListItem\",\"position\":2,\"name\":\"Tienda\",\"item\":\"https:\/\/www.grabadoslaservip.com\/mx\/tienda\/\"},{\"@type\":\"ListItem\",\"position\":3,\"name\":\"LIBRETA WAGNER MAGLOK\"}]},{\"@type\":\"WebSite\",\"@id\":\"https:\/\/www.grabadoslaservip.com\/mx\/#website\",\"url\":\"https:\/\/www.grabadoslaservip.com\/mx\/\",\"name\":\"Grabados VIP\",\"description\":\"\",\"potentialAction\":[{\"@type\":\"SearchAction\",\"target\":{\"@type\":\"EntryPoint\",\"urlTemplate\":\"https:\/\/www.grabadoslaservip.com\/mx\/?s={search_term_string}\"},\"query-input\":\"required name=search_term_string\"}],\"inLanguage\":\"es\"}]}<\/script>\n<!-- \/ Yoast SEO plugin. -->","yoast_head_json":{"title":"LIBRETA WAGNER MAGLOK - Grabados VIP","robots":{"index":"index","follow":"follow","max-snippet":"max-snippet:-1","max-image-preview":"max-image-preview:large","max-video-preview":"max-video-preview:-1"},"canonical":"https:\/\/www.grabadoslaservip.com\/mx\/tienda\/promocionales\/articulos-g4\/libreta-wagner-maglok\/","og_locale":"es_ES","og_type":"article","og_title":"LIBRETA WAGNER MAGLOK - Grabados VIP","og_description":"PRODUCTO C\u00f3digo lib-mlo Nombre Libreta Wagner Maglok Descripci\u00f3n Libreta 120 Hojas Raya, papel \u00f3ptico Silky con certificaci\u00f3n FSC (Proveniente de bosques sustentables) Suave Cubierta satinada con broche de metal vaciado con cierre magn\u00e9tico. Separador de list\u00f3n negro. Pegada y cosida. Material PU + Broche Metal Punta N\/A Tinta N\/A Alto de producto (cm) 21 Ancho [&hellip;]","og_url":"https:\/\/www.grabadoslaservip.com\/mx\/tienda\/promocionales\/articulos-g4\/libreta-wagner-maglok\/","og_site_name":"Grabados VIP","og_image":[{"width":1065,"height":1575,"url":"https:\/\/www.grabadoslaservip.com\/mx\/wp-content\/uploads\/2016\/07\/lib-mlo-neg_zoom.jpg","type":"image\/jpeg"}],"twitter_misc":{"Tiempo de lectura":"1 minuto"},"schema":{"@context":"https:\/\/schema.org","@graph":[{"@type":"WebPage","@id":"https:\/\/www.grabadoslaservip.com\/mx\/tienda\/promocionales\/articulos-g4\/libreta-wagner-maglok\/","url":"https:\/\/www.grabadoslaservip.com\/mx\/tienda\/promocionales\/articulos-g4\/libreta-wagner-maglok\/","name":"LIBRETA WAGNER MAGLOK - Grabados VIP","isPartOf":{"@id":"https:\/\/www.grabadoslaservip.com\/mx\/#website"},"primaryImageOfPage":{"@id":"https:\/\/www.grabadoslaservip.com\/mx\/tienda\/promocionales\/articulos-g4\/libreta-wagner-maglok\/#primaryimage"},"image":{"@id":"https:\/\/www.grabadoslaservip.com\/mx\/tienda\/promocionales\/articulos-g4\/libreta-wagner-maglok\/#primaryimage"},"thumbnailUrl":"https:\/\/www.grabadoslaservip.com\/mx\/wp-content\/uploads\/2016\/07\/lib-mlo-neg_zoom.jpg","datePublished":"2016-07-25T14:49:03+00:00","dateModified":"2016-07-25T14:49:03+00:00","breadcrumb":{"@id":"https:\/\/www.grabadoslaservip.com\/mx\/tienda\/promocionales\/articulos-g4\/libreta-wagner-maglok\/#breadcrumb"},"inLanguage":"es","potentialAction":[{"@type":"ReadAction","target":["https:\/\/www.grabadoslaservip.com\/mx\/tienda\/promocionales\/articulos-g4\/libreta-wagner-maglok\/"]}]},{"@type":"ImageObject","inLanguage":"es","@id":"https:\/\/www.grabadoslaservip.com\/mx\/tienda\/promocionales\/articulos-g4\/libreta-wagner-maglok\/#primaryimage","url":"https:\/\/www.grabadoslaservip.com\/mx\/wp-content\/uploads\/2016\/07\/lib-mlo-neg_zoom.jpg","contentUrl":"https:\/\/www.grabadoslaservip.com\/mx\/wp-content\/uploads\/2016\/07\/lib-mlo-neg_zoom.jpg","width":1065,"height":1575},{"@type":"BreadcrumbList","@id":"https:\/\/www.grabadoslaservip.com\/mx\/tienda\/promocionales\/articulos-g4\/libreta-wagner-maglok\/#breadcrumb","itemListElement":[{"@type":"ListItem","position":1,"name":"Portada","item":"https:\/\/www.grabadoslaservip.com\/mx\/"},{"@type":"ListItem","position":2,"name":"Tienda","item":"https:\/\/www.grabadoslaservip.com\/mx\/tienda\/"},{"@type":"ListItem","position":3,"name":"LIBRETA WAGNER MAGLOK"}]},{"@type":"WebSite","@id":"https:\/\/www.grabadoslaservip.com\/mx\/#website","url":"https:\/\/www.grabadoslaservip.com\/mx\/","name":"Grabados VIP","description":"","potentialAction":[{"@type":"SearchAction","target":{"@type":"EntryPoint","urlTemplate":"https:\/\/www.grabadoslaservip.com\/mx\/?s={search_term_string}"},"query-input":"required name=search_term_string"}],"inLanguage":"es"}]}},"_links":{"self":[{"href":"https:\/\/www.grabadoslaservip.com\/mx\/wp-json\/wp\/v2\/product\/10810"}],"collection":[{"href":"https:\/\/www.grabadoslaservip.com\/mx\/wp-json\/wp\/v2\/product"}],"about":[{"href":"https:\/\/www.grabadoslaservip.com\/mx\/wp-json\/wp\/v2\/types\/product"}],"replies":[{"embeddable":true,"href":"https:\/\/www.grabadoslaservip.com\/mx\/wp-json\/wp\/v2\/comments?post=10810"}],"wp:featuredmedia":[{"embeddable":true,"href":"https:\/\/www.grabadoslaservip.com\/mx\/wp-json\/wp\/v2\/media\/10811"}],"wp:attachment":[{"href":"https:\/\/www.grabadoslaservip.com\/mx\/wp-json\/wp\/v2\/media?parent=10810"}],"wp:term":[{"taxonomy":"product_cat","embeddable":true,"href":"https:\/\/www.grabadoslaservip.com\/mx\/wp-json\/wp\/v2\/product_cat?post=10810"},{"taxonomy":"product_tag","embeddable":true,"href":"https:\/\/www.grabadoslaservip.com\/mx\/wp-json\/wp\/v2\/product_tag?post=10810"}],"curies":[{"name":"wp","href":"https:\/\/api.w.org\/{rel}","templated":true}]}}