{"id":10958,"date":"2016-08-02T12:40:29","date_gmt":"2016-08-02T17:40:29","guid":{"rendered":"http:\/\/www.importadorapromocional.com\/?post_type=product&#038;p=10958"},"modified":"2016-08-02T12:59:14","modified_gmt":"2016-08-02T17:59:14","slug":"bp149","status":"publish","type":"product","link":"https:\/\/www.grabadoslaservip.com\/mx\/tienda\/promocionales\/boligrafos\/bp149\/","title":{"rendered":"BP149"},"content":{"rendered":"<p>CLAVE: BP149<\/p>\n<p>NOMBRE: Funda de pana<\/p>\n<p>DESCRIPCION: Funda para guardar 1 bol\u00edgrafo (No incluye bol\u00edgrafo)<\/p>\n<p>DIMENSIONES: 16.5 x 3<\/p>\n<p>MATERIAL: Tela<\/p>\n<p>AREA DE IMPRESI\u00d3N: 12 x 2<\/p>\n<p>TIPO DE IMPRESI\u00d3N: Tampograf\u00eda &#8211; Serigraf\u00eda<\/p>\n<p>EMPAQUE Y PESO: Piezas por caja: 5000. Medida de caja: 34*30*22 cm. Peso de caja: 14 kg<\/p>\n<p>COLOR:<br \/>\nNEGRO<\/p>\n","protected":false},"excerpt":{"rendered":"<p>CLAVE: BP149 NOMBRE: Funda de pana DESCRIPCION: Funda para guardar 1 bol\u00edgrafo (No incluye bol\u00edgrafo) DIMENSIONES: 16.5 x 3 MATERIAL: Tela AREA DE IMPRESI\u00d3N: 12 x 2 TIPO DE IMPRESI\u00d3N: Tampograf\u00eda &#8211; Serigraf\u00eda EMPAQUE Y PESO: Piezas por caja: 5000. Medida de caja: 34*30*22 cm. Peso de caja: 14 kg COLOR: NEGRO<\/p>\n","protected":false},"featured_media":10959,"comment_status":"open","ping_status":"closed","template":"","meta":[],"product_cat":[198,147],"product_tag":[],"yoast_head":"<!-- This site is optimized with the Yoast SEO plugin v23.1 - https:\/\/yoast.com\/wordpress\/plugins\/seo\/ -->\n<title>BP149 - Grabados VIP<\/title>\n<meta name=\"robots\" content=\"index, follow, max-snippet:-1, max-image-preview:large, max-video-preview:-1\" \/>\n<link rel=\"canonical\" href=\"https:\/\/www.grabadoslaservip.com\/mx\/tienda\/promocionales\/boligrafos\/bp149\/\" \/>\n<meta property=\"og:locale\" content=\"es_ES\" \/>\n<meta property=\"og:type\" content=\"article\" \/>\n<meta property=\"og:title\" content=\"BP149 - Grabados VIP\" \/>\n<meta property=\"og:description\" content=\"CLAVE: BP149 NOMBRE: Funda de pana DESCRIPCION: Funda para guardar 1 bol\u00edgrafo (No incluye bol\u00edgrafo) DIMENSIONES: 16.5 x 3 MATERIAL: Tela AREA DE IMPRESI\u00d3N: 12 x 2 TIPO DE IMPRESI\u00d3N: Tampograf\u00eda &#8211; Serigraf\u00eda EMPAQUE Y PESO: Piezas por caja: 5000. Medida de caja: 34*30*22 cm. Peso de caja: 14 kg COLOR: NEGRO\" \/>\n<meta property=\"og:url\" content=\"https:\/\/www.grabadoslaservip.com\/mx\/tienda\/promocionales\/boligrafos\/bp149\/\" \/>\n<meta property=\"og:site_name\" content=\"Grabados VIP\" \/>\n<meta property=\"article:modified_time\" content=\"2016-08-02T17:59:14+00:00\" \/>\n<meta property=\"og:image\" content=\"https:\/\/www.grabadoslaservip.com\/mx\/wp-content\/uploads\/2016\/08\/BP149.jpg\" \/>\n\t<meta property=\"og:image:width\" content=\"500\" \/>\n\t<meta property=\"og:image:height\" content=\"370\" \/>\n\t<meta property=\"og:image:type\" content=\"image\/jpeg\" \/>\n<script type=\"application\/ld+json\" class=\"yoast-schema-graph\">{\"@context\":\"https:\/\/schema.org\",\"@graph\":[{\"@type\":\"WebPage\",\"@id\":\"https:\/\/www.grabadoslaservip.com\/mx\/tienda\/promocionales\/boligrafos\/bp149\/\",\"url\":\"https:\/\/www.grabadoslaservip.com\/mx\/tienda\/promocionales\/boligrafos\/bp149\/\",\"name\":\"BP149 - Grabados VIP\",\"isPartOf\":{\"@id\":\"https:\/\/www.grabadoslaservip.com\/mx\/#website\"},\"primaryImageOfPage\":{\"@id\":\"https:\/\/www.grabadoslaservip.com\/mx\/tienda\/promocionales\/boligrafos\/bp149\/#primaryimage\"},\"image\":{\"@id\":\"https:\/\/www.grabadoslaservip.com\/mx\/tienda\/promocionales\/boligrafos\/bp149\/#primaryimage\"},\"thumbnailUrl\":\"https:\/\/www.grabadoslaservip.com\/mx\/wp-content\/uploads\/2016\/08\/BP149.jpg\",\"datePublished\":\"2016-08-02T17:40:29+00:00\",\"dateModified\":\"2016-08-02T17:59:14+00:00\",\"breadcrumb\":{\"@id\":\"https:\/\/www.grabadoslaservip.com\/mx\/tienda\/promocionales\/boligrafos\/bp149\/#breadcrumb\"},\"inLanguage\":\"es\",\"potentialAction\":[{\"@type\":\"ReadAction\",\"target\":[\"https:\/\/www.grabadoslaservip.com\/mx\/tienda\/promocionales\/boligrafos\/bp149\/\"]}]},{\"@type\":\"ImageObject\",\"inLanguage\":\"es\",\"@id\":\"https:\/\/www.grabadoslaservip.com\/mx\/tienda\/promocionales\/boligrafos\/bp149\/#primaryimage\",\"url\":\"https:\/\/www.grabadoslaservip.com\/mx\/wp-content\/uploads\/2016\/08\/BP149.jpg\",\"contentUrl\":\"https:\/\/www.grabadoslaservip.com\/mx\/wp-content\/uploads\/2016\/08\/BP149.jpg\",\"width\":500,\"height\":370},{\"@type\":\"BreadcrumbList\",\"@id\":\"https:\/\/www.grabadoslaservip.com\/mx\/tienda\/promocionales\/boligrafos\/bp149\/#breadcrumb\",\"itemListElement\":[{\"@type\":\"ListItem\",\"position\":1,\"name\":\"Portada\",\"item\":\"https:\/\/www.grabadoslaservip.com\/mx\/\"},{\"@type\":\"ListItem\",\"position\":2,\"name\":\"Tienda\",\"item\":\"https:\/\/www.grabadoslaservip.com\/mx\/tienda\/\"},{\"@type\":\"ListItem\",\"position\":3,\"name\":\"BP149\"}]},{\"@type\":\"WebSite\",\"@id\":\"https:\/\/www.grabadoslaservip.com\/mx\/#website\",\"url\":\"https:\/\/www.grabadoslaservip.com\/mx\/\",\"name\":\"Grabados VIP\",\"description\":\"\",\"potentialAction\":[{\"@type\":\"SearchAction\",\"target\":{\"@type\":\"EntryPoint\",\"urlTemplate\":\"https:\/\/www.grabadoslaservip.com\/mx\/?s={search_term_string}\"},\"query-input\":\"required name=search_term_string\"}],\"inLanguage\":\"es\"}]}<\/script>\n<!-- \/ Yoast SEO plugin. -->","yoast_head_json":{"title":"BP149 - Grabados VIP","robots":{"index":"index","follow":"follow","max-snippet":"max-snippet:-1","max-image-preview":"max-image-preview:large","max-video-preview":"max-video-preview:-1"},"canonical":"https:\/\/www.grabadoslaservip.com\/mx\/tienda\/promocionales\/boligrafos\/bp149\/","og_locale":"es_ES","og_type":"article","og_title":"BP149 - Grabados VIP","og_description":"CLAVE: BP149 NOMBRE: Funda de pana DESCRIPCION: Funda para guardar 1 bol\u00edgrafo (No incluye bol\u00edgrafo) DIMENSIONES: 16.5 x 3 MATERIAL: Tela AREA DE IMPRESI\u00d3N: 12 x 2 TIPO DE IMPRESI\u00d3N: Tampograf\u00eda &#8211; Serigraf\u00eda EMPAQUE Y PESO: Piezas por caja: 5000. Medida de caja: 34*30*22 cm. Peso de caja: 14 kg COLOR: NEGRO","og_url":"https:\/\/www.grabadoslaservip.com\/mx\/tienda\/promocionales\/boligrafos\/bp149\/","og_site_name":"Grabados VIP","article_modified_time":"2016-08-02T17:59:14+00:00","og_image":[{"width":500,"height":370,"url":"https:\/\/www.grabadoslaservip.com\/mx\/wp-content\/uploads\/2016\/08\/BP149.jpg","type":"image\/jpeg"}],"schema":{"@context":"https:\/\/schema.org","@graph":[{"@type":"WebPage","@id":"https:\/\/www.grabadoslaservip.com\/mx\/tienda\/promocionales\/boligrafos\/bp149\/","url":"https:\/\/www.grabadoslaservip.com\/mx\/tienda\/promocionales\/boligrafos\/bp149\/","name":"BP149 - Grabados VIP","isPartOf":{"@id":"https:\/\/www.grabadoslaservip.com\/mx\/#website"},"primaryImageOfPage":{"@id":"https:\/\/www.grabadoslaservip.com\/mx\/tienda\/promocionales\/boligrafos\/bp149\/#primaryimage"},"image":{"@id":"https:\/\/www.grabadoslaservip.com\/mx\/tienda\/promocionales\/boligrafos\/bp149\/#primaryimage"},"thumbnailUrl":"https:\/\/www.grabadoslaservip.com\/mx\/wp-content\/uploads\/2016\/08\/BP149.jpg","datePublished":"2016-08-02T17:40:29+00:00","dateModified":"2016-08-02T17:59:14+00:00","breadcrumb":{"@id":"https:\/\/www.grabadoslaservip.com\/mx\/tienda\/promocionales\/boligrafos\/bp149\/#breadcrumb"},"inLanguage":"es","potentialAction":[{"@type":"ReadAction","target":["https:\/\/www.grabadoslaservip.com\/mx\/tienda\/promocionales\/boligrafos\/bp149\/"]}]},{"@type":"ImageObject","inLanguage":"es","@id":"https:\/\/www.grabadoslaservip.com\/mx\/tienda\/promocionales\/boligrafos\/bp149\/#primaryimage","url":"https:\/\/www.grabadoslaservip.com\/mx\/wp-content\/uploads\/2016\/08\/BP149.jpg","contentUrl":"https:\/\/www.grabadoslaservip.com\/mx\/wp-content\/uploads\/2016\/08\/BP149.jpg","width":500,"height":370},{"@type":"BreadcrumbList","@id":"https:\/\/www.grabadoslaservip.com\/mx\/tienda\/promocionales\/boligrafos\/bp149\/#breadcrumb","itemListElement":[{"@type":"ListItem","position":1,"name":"Portada","item":"https:\/\/www.grabadoslaservip.com\/mx\/"},{"@type":"ListItem","position":2,"name":"Tienda","item":"https:\/\/www.grabadoslaservip.com\/mx\/tienda\/"},{"@type":"ListItem","position":3,"name":"BP149"}]},{"@type":"WebSite","@id":"https:\/\/www.grabadoslaservip.com\/mx\/#website","url":"https:\/\/www.grabadoslaservip.com\/mx\/","name":"Grabados VIP","description":"","potentialAction":[{"@type":"SearchAction","target":{"@type":"EntryPoint","urlTemplate":"https:\/\/www.grabadoslaservip.com\/mx\/?s={search_term_string}"},"query-input":"required name=search_term_string"}],"inLanguage":"es"}]}},"_links":{"self":[{"href":"https:\/\/www.grabadoslaservip.com\/mx\/wp-json\/wp\/v2\/product\/10958"}],"collection":[{"href":"https:\/\/www.grabadoslaservip.com\/mx\/wp-json\/wp\/v2\/product"}],"about":[{"href":"https:\/\/www.grabadoslaservip.com\/mx\/wp-json\/wp\/v2\/types\/product"}],"replies":[{"embeddable":true,"href":"https:\/\/www.grabadoslaservip.com\/mx\/wp-json\/wp\/v2\/comments?post=10958"}],"wp:featuredmedia":[{"embeddable":true,"href":"https:\/\/www.grabadoslaservip.com\/mx\/wp-json\/wp\/v2\/media\/10959"}],"wp:attachment":[{"href":"https:\/\/www.grabadoslaservip.com\/mx\/wp-json\/wp\/v2\/media?parent=10958"}],"wp:term":[{"taxonomy":"product_cat","embeddable":true,"href":"https:\/\/www.grabadoslaservip.com\/mx\/wp-json\/wp\/v2\/product_cat?post=10958"},{"taxonomy":"product_tag","embeddable":true,"href":"https:\/\/www.grabadoslaservip.com\/mx\/wp-json\/wp\/v2\/product_tag?post=10958"}],"curies":[{"name":"wp","href":"https:\/\/api.w.org\/{rel}","templated":true}]}}