{"id":10960,"date":"2016-08-02T12:44:41","date_gmt":"2016-08-02T17:44:41","guid":{"rendered":"http:\/\/www.importadorapromocional.com\/?post_type=product&#038;p=10960"},"modified":"2016-08-02T12:44:41","modified_gmt":"2016-08-02T17:44:41","slug":"bp158","status":"publish","type":"product","link":"https:\/\/www.grabadoslaservip.com\/mx\/tienda\/promocionales\/boligrafos\/bp158\/","title":{"rendered":"BP158"},"content":{"rendered":"<p>CLAVE: BP158<\/p>\n<p>NOMBRE: Bol\u00edgrafo<\/p>\n<p>DESCRIPCION: Cuerpo Blanco. Pulsador, clip y detalles de color. Puntera color Plata. Tinta negra.<\/p>\n<p>DIMENSIONES: \u00d8 1.05 x 14.1<\/p>\n<p>MATERIAL: Pl\u00e1stico<\/p>\n<p>AREA DE IMPRESI\u00d3N: BARRIL: \u00d8 0.7 x 4.5<\/p>\n<p>TIPO DE IMPRESI\u00d3N: Tampograf\u00eda &#8211; Serigraf\u00eda<\/p>\n<p>EMPAQUE Y PESO: Piezas por caja: 1000. Medida de caja: 47.5*31*22.5 cm. Peso de caja: 10.5 kg<\/p>\n<p>COLOR:<br \/>\nAZUL<br \/>\nNARANJA<br \/>\nNEGRO<br \/>\nROJO<br \/>\nVERDE<\/p>\n","protected":false},"excerpt":{"rendered":"<p>CLAVE: BP158 NOMBRE: Bol\u00edgrafo DESCRIPCION: Cuerpo Blanco. Pulsador, clip y detalles de color. Puntera color Plata. Tinta negra. DIMENSIONES: \u00d8 1.05 x 14.1 MATERIAL: Pl\u00e1stico AREA DE IMPRESI\u00d3N: BARRIL: \u00d8 0.7 x 4.5 TIPO DE IMPRESI\u00d3N: Tampograf\u00eda &#8211; Serigraf\u00eda EMPAQUE Y PESO: Piezas por caja: 1000. Medida de caja: 47.5*31*22.5 cm. Peso de caja: 10.5 [&hellip;]\n","protected":false},"featured_media":10964,"comment_status":"open","ping_status":"closed","template":"","meta":[],"product_cat":[198,147],"product_tag":[],"yoast_head":"<!-- This site is optimized with the Yoast SEO plugin v23.1 - https:\/\/yoast.com\/wordpress\/plugins\/seo\/ -->\n<title>BP158 - Grabados VIP<\/title>\n<meta name=\"robots\" content=\"index, follow, max-snippet:-1, max-image-preview:large, max-video-preview:-1\" \/>\n<link rel=\"canonical\" href=\"https:\/\/www.grabadoslaservip.com\/mx\/tienda\/promocionales\/boligrafos\/bp158\/\" \/>\n<meta property=\"og:locale\" content=\"es_ES\" \/>\n<meta property=\"og:type\" content=\"article\" \/>\n<meta property=\"og:title\" content=\"BP158 - Grabados VIP\" \/>\n<meta property=\"og:description\" content=\"CLAVE: BP158 NOMBRE: Bol\u00edgrafo DESCRIPCION: Cuerpo Blanco. Pulsador, clip y detalles de color. Puntera color Plata. Tinta negra. DIMENSIONES: \u00d8 1.05 x 14.1 MATERIAL: Pl\u00e1stico AREA DE IMPRESI\u00d3N: BARRIL: \u00d8 0.7 x 4.5 TIPO DE IMPRESI\u00d3N: Tampograf\u00eda &#8211; Serigraf\u00eda EMPAQUE Y PESO: Piezas por caja: 1000. Medida de caja: 47.5*31*22.5 cm. Peso de caja: 10.5 [&hellip;]\" \/>\n<meta property=\"og:url\" content=\"https:\/\/www.grabadoslaservip.com\/mx\/tienda\/promocionales\/boligrafos\/bp158\/\" \/>\n<meta property=\"og:site_name\" content=\"Grabados VIP\" \/>\n<meta property=\"og:image\" content=\"https:\/\/www.grabadoslaservip.com\/mx\/wp-content\/uploads\/2016\/08\/BP158-perfil-verde.jpg\" \/>\n\t<meta property=\"og:image:width\" content=\"500\" \/>\n\t<meta property=\"og:image:height\" content=\"370\" \/>\n\t<meta property=\"og:image:type\" content=\"image\/jpeg\" \/>\n<script type=\"application\/ld+json\" class=\"yoast-schema-graph\">{\"@context\":\"https:\/\/schema.org\",\"@graph\":[{\"@type\":\"WebPage\",\"@id\":\"https:\/\/www.grabadoslaservip.com\/mx\/tienda\/promocionales\/boligrafos\/bp158\/\",\"url\":\"https:\/\/www.grabadoslaservip.com\/mx\/tienda\/promocionales\/boligrafos\/bp158\/\",\"name\":\"BP158 - Grabados VIP\",\"isPartOf\":{\"@id\":\"https:\/\/www.grabadoslaservip.com\/mx\/#website\"},\"primaryImageOfPage\":{\"@id\":\"https:\/\/www.grabadoslaservip.com\/mx\/tienda\/promocionales\/boligrafos\/bp158\/#primaryimage\"},\"image\":{\"@id\":\"https:\/\/www.grabadoslaservip.com\/mx\/tienda\/promocionales\/boligrafos\/bp158\/#primaryimage\"},\"thumbnailUrl\":\"https:\/\/www.grabadoslaservip.com\/mx\/wp-content\/uploads\/2016\/08\/BP158-perfil-verde.jpg\",\"datePublished\":\"2016-08-02T17:44:41+00:00\",\"dateModified\":\"2016-08-02T17:44:41+00:00\",\"breadcrumb\":{\"@id\":\"https:\/\/www.grabadoslaservip.com\/mx\/tienda\/promocionales\/boligrafos\/bp158\/#breadcrumb\"},\"inLanguage\":\"es\",\"potentialAction\":[{\"@type\":\"ReadAction\",\"target\":[\"https:\/\/www.grabadoslaservip.com\/mx\/tienda\/promocionales\/boligrafos\/bp158\/\"]}]},{\"@type\":\"ImageObject\",\"inLanguage\":\"es\",\"@id\":\"https:\/\/www.grabadoslaservip.com\/mx\/tienda\/promocionales\/boligrafos\/bp158\/#primaryimage\",\"url\":\"https:\/\/www.grabadoslaservip.com\/mx\/wp-content\/uploads\/2016\/08\/BP158-perfil-verde.jpg\",\"contentUrl\":\"https:\/\/www.grabadoslaservip.com\/mx\/wp-content\/uploads\/2016\/08\/BP158-perfil-verde.jpg\",\"width\":500,\"height\":370},{\"@type\":\"BreadcrumbList\",\"@id\":\"https:\/\/www.grabadoslaservip.com\/mx\/tienda\/promocionales\/boligrafos\/bp158\/#breadcrumb\",\"itemListElement\":[{\"@type\":\"ListItem\",\"position\":1,\"name\":\"Portada\",\"item\":\"https:\/\/www.grabadoslaservip.com\/mx\/\"},{\"@type\":\"ListItem\",\"position\":2,\"name\":\"Tienda\",\"item\":\"https:\/\/www.grabadoslaservip.com\/mx\/tienda\/\"},{\"@type\":\"ListItem\",\"position\":3,\"name\":\"BP158\"}]},{\"@type\":\"WebSite\",\"@id\":\"https:\/\/www.grabadoslaservip.com\/mx\/#website\",\"url\":\"https:\/\/www.grabadoslaservip.com\/mx\/\",\"name\":\"Grabados VIP\",\"description\":\"\",\"potentialAction\":[{\"@type\":\"SearchAction\",\"target\":{\"@type\":\"EntryPoint\",\"urlTemplate\":\"https:\/\/www.grabadoslaservip.com\/mx\/?s={search_term_string}\"},\"query-input\":\"required name=search_term_string\"}],\"inLanguage\":\"es\"}]}<\/script>\n<!-- \/ Yoast SEO plugin. -->","yoast_head_json":{"title":"BP158 - Grabados VIP","robots":{"index":"index","follow":"follow","max-snippet":"max-snippet:-1","max-image-preview":"max-image-preview:large","max-video-preview":"max-video-preview:-1"},"canonical":"https:\/\/www.grabadoslaservip.com\/mx\/tienda\/promocionales\/boligrafos\/bp158\/","og_locale":"es_ES","og_type":"article","og_title":"BP158 - Grabados VIP","og_description":"CLAVE: BP158 NOMBRE: Bol\u00edgrafo DESCRIPCION: Cuerpo Blanco. Pulsador, clip y detalles de color. Puntera color Plata. Tinta negra. DIMENSIONES: \u00d8 1.05 x 14.1 MATERIAL: Pl\u00e1stico AREA DE IMPRESI\u00d3N: BARRIL: \u00d8 0.7 x 4.5 TIPO DE IMPRESI\u00d3N: Tampograf\u00eda &#8211; Serigraf\u00eda EMPAQUE Y PESO: Piezas por caja: 1000. Medida de caja: 47.5*31*22.5 cm. Peso de caja: 10.5 [&hellip;]","og_url":"https:\/\/www.grabadoslaservip.com\/mx\/tienda\/promocionales\/boligrafos\/bp158\/","og_site_name":"Grabados VIP","og_image":[{"width":500,"height":370,"url":"https:\/\/www.grabadoslaservip.com\/mx\/wp-content\/uploads\/2016\/08\/BP158-perfil-verde.jpg","type":"image\/jpeg"}],"schema":{"@context":"https:\/\/schema.org","@graph":[{"@type":"WebPage","@id":"https:\/\/www.grabadoslaservip.com\/mx\/tienda\/promocionales\/boligrafos\/bp158\/","url":"https:\/\/www.grabadoslaservip.com\/mx\/tienda\/promocionales\/boligrafos\/bp158\/","name":"BP158 - Grabados VIP","isPartOf":{"@id":"https:\/\/www.grabadoslaservip.com\/mx\/#website"},"primaryImageOfPage":{"@id":"https:\/\/www.grabadoslaservip.com\/mx\/tienda\/promocionales\/boligrafos\/bp158\/#primaryimage"},"image":{"@id":"https:\/\/www.grabadoslaservip.com\/mx\/tienda\/promocionales\/boligrafos\/bp158\/#primaryimage"},"thumbnailUrl":"https:\/\/www.grabadoslaservip.com\/mx\/wp-content\/uploads\/2016\/08\/BP158-perfil-verde.jpg","datePublished":"2016-08-02T17:44:41+00:00","dateModified":"2016-08-02T17:44:41+00:00","breadcrumb":{"@id":"https:\/\/www.grabadoslaservip.com\/mx\/tienda\/promocionales\/boligrafos\/bp158\/#breadcrumb"},"inLanguage":"es","potentialAction":[{"@type":"ReadAction","target":["https:\/\/www.grabadoslaservip.com\/mx\/tienda\/promocionales\/boligrafos\/bp158\/"]}]},{"@type":"ImageObject","inLanguage":"es","@id":"https:\/\/www.grabadoslaservip.com\/mx\/tienda\/promocionales\/boligrafos\/bp158\/#primaryimage","url":"https:\/\/www.grabadoslaservip.com\/mx\/wp-content\/uploads\/2016\/08\/BP158-perfil-verde.jpg","contentUrl":"https:\/\/www.grabadoslaservip.com\/mx\/wp-content\/uploads\/2016\/08\/BP158-perfil-verde.jpg","width":500,"height":370},{"@type":"BreadcrumbList","@id":"https:\/\/www.grabadoslaservip.com\/mx\/tienda\/promocionales\/boligrafos\/bp158\/#breadcrumb","itemListElement":[{"@type":"ListItem","position":1,"name":"Portada","item":"https:\/\/www.grabadoslaservip.com\/mx\/"},{"@type":"ListItem","position":2,"name":"Tienda","item":"https:\/\/www.grabadoslaservip.com\/mx\/tienda\/"},{"@type":"ListItem","position":3,"name":"BP158"}]},{"@type":"WebSite","@id":"https:\/\/www.grabadoslaservip.com\/mx\/#website","url":"https:\/\/www.grabadoslaservip.com\/mx\/","name":"Grabados VIP","description":"","potentialAction":[{"@type":"SearchAction","target":{"@type":"EntryPoint","urlTemplate":"https:\/\/www.grabadoslaservip.com\/mx\/?s={search_term_string}"},"query-input":"required name=search_term_string"}],"inLanguage":"es"}]}},"_links":{"self":[{"href":"https:\/\/www.grabadoslaservip.com\/mx\/wp-json\/wp\/v2\/product\/10960"}],"collection":[{"href":"https:\/\/www.grabadoslaservip.com\/mx\/wp-json\/wp\/v2\/product"}],"about":[{"href":"https:\/\/www.grabadoslaservip.com\/mx\/wp-json\/wp\/v2\/types\/product"}],"replies":[{"embeddable":true,"href":"https:\/\/www.grabadoslaservip.com\/mx\/wp-json\/wp\/v2\/comments?post=10960"}],"wp:featuredmedia":[{"embeddable":true,"href":"https:\/\/www.grabadoslaservip.com\/mx\/wp-json\/wp\/v2\/media\/10964"}],"wp:attachment":[{"href":"https:\/\/www.grabadoslaservip.com\/mx\/wp-json\/wp\/v2\/media?parent=10960"}],"wp:term":[{"taxonomy":"product_cat","embeddable":true,"href":"https:\/\/www.grabadoslaservip.com\/mx\/wp-json\/wp\/v2\/product_cat?post=10960"},{"taxonomy":"product_tag","embeddable":true,"href":"https:\/\/www.grabadoslaservip.com\/mx\/wp-json\/wp\/v2\/product_tag?post=10960"}],"curies":[{"name":"wp","href":"https:\/\/api.w.org\/{rel}","templated":true}]}}