{"id":11003,"date":"2016-08-02T13:17:36","date_gmt":"2016-08-02T18:17:36","guid":{"rendered":"http:\/\/www.importadorapromocional.com\/?post_type=product&#038;p=11003"},"modified":"2016-08-02T13:17:36","modified_gmt":"2016-08-02T18:17:36","slug":"boligrafo-metalico-2","status":"publish","type":"product","link":"https:\/\/www.grabadoslaservip.com\/mx\/tienda\/promocionales\/boligrafos\/boligrafo-metalico-2\/","title":{"rendered":"Bol\u00edgrafo met\u00e1lico"},"content":{"rendered":"<p>CLAVE: BP194<\/p>\n<p>NOMBRE: Bol\u00edgrafo met\u00e1lico<\/p>\n<p>DESCRIPCION: Metal. Cuerpo de color. Detalles en color Plata. Clip y puntera met\u00e1licas. Apertura giratoria. Tinta negra. Incluye resaltador fluorescente amarillo en parte superior con apertura de rosca, 1 repuesto de tinta negra y 1 repuesto de resaltador. Estuche pl\u00e1stico con tapa transparente. Destape plateado al grabar.<\/p>\n<p>DIMENSIONES: CAJA: 17 x 5.5 x 2 \/ BOLIGRAFO:\u00d81.2 x 14<\/p>\n<p>MATERIAL: Metal<\/p>\n<p>AREA DE IMPRESI\u00d3N: ESTUCHE: 12 x 3 \/ BOLIGRAFO: \u00d8 0.7 x 5<\/p>\n<p>TIPO DE IMPRESI\u00d3N: Caja de regalo &#8211; Tampograf\u00eda &#8211; Serigraf\u00eda &#8211; Grabado en l\u00e1ser &#8211; Grabado en pant\u00f3grafo<\/p>\n<p>EMPAQUE Y PESO: Piezas por caja: 200. Medida de caja: 61.5*35.5*24.5 cm. Peso de caja: 18 kg<\/p>\n<p>COLOR:<br \/>\nNEGRO<br \/>\nPLATA<\/p>\n","protected":false},"excerpt":{"rendered":"<p>CLAVE: BP194 NOMBRE: Bol\u00edgrafo met\u00e1lico DESCRIPCION: Metal. Cuerpo de color. Detalles en color Plata. Clip y puntera met\u00e1licas. Apertura giratoria. Tinta negra. Incluye resaltador fluorescente amarillo en parte superior con apertura de rosca, 1 repuesto de tinta negra y 1 repuesto de resaltador. Estuche pl\u00e1stico con tapa transparente. Destape plateado al grabar. DIMENSIONES: CAJA: 17 [&hellip;]\n","protected":false},"featured_media":11005,"comment_status":"open","ping_status":"closed","template":"","meta":[],"product_cat":[198,147],"product_tag":[],"yoast_head":"<!-- This site is optimized with the Yoast SEO plugin v23.1 - https:\/\/yoast.com\/wordpress\/plugins\/seo\/ -->\n<title>Bol\u00edgrafo met\u00e1lico  - Grabados VIP<\/title>\n<meta name=\"robots\" content=\"index, follow, max-snippet:-1, max-image-preview:large, max-video-preview:-1\" \/>\n<link rel=\"canonical\" href=\"https:\/\/www.grabadoslaservip.com\/mx\/tienda\/promocionales\/boligrafos\/boligrafo-metalico-2\/\" \/>\n<meta property=\"og:locale\" content=\"es_ES\" \/>\n<meta property=\"og:type\" content=\"article\" \/>\n<meta property=\"og:title\" content=\"Bol\u00edgrafo met\u00e1lico  - Grabados VIP\" \/>\n<meta property=\"og:description\" content=\"CLAVE: BP194 NOMBRE: Bol\u00edgrafo met\u00e1lico DESCRIPCION: Metal. Cuerpo de color. Detalles en color Plata. Clip y puntera met\u00e1licas. Apertura giratoria. Tinta negra. Incluye resaltador fluorescente amarillo en parte superior con apertura de rosca, 1 repuesto de tinta negra y 1 repuesto de resaltador. Estuche pl\u00e1stico con tapa transparente. Destape plateado al grabar. DIMENSIONES: CAJA: 17 [&hellip;]\" \/>\n<meta property=\"og:url\" content=\"https:\/\/www.grabadoslaservip.com\/mx\/tienda\/promocionales\/boligrafos\/boligrafo-metalico-2\/\" \/>\n<meta property=\"og:site_name\" content=\"Grabados VIP\" \/>\n<meta property=\"og:image\" content=\"https:\/\/www.grabadoslaservip.com\/mx\/wp-content\/uploads\/2016\/08\/BP194-estuche.jpg\" \/>\n\t<meta property=\"og:image:width\" content=\"500\" \/>\n\t<meta property=\"og:image:height\" content=\"370\" \/>\n\t<meta property=\"og:image:type\" content=\"image\/jpeg\" \/>\n<meta name=\"twitter:label1\" content=\"Tiempo de lectura\" \/>\n\t<meta name=\"twitter:data1\" content=\"1 minuto\" \/>\n<script type=\"application\/ld+json\" class=\"yoast-schema-graph\">{\"@context\":\"https:\/\/schema.org\",\"@graph\":[{\"@type\":\"WebPage\",\"@id\":\"https:\/\/www.grabadoslaservip.com\/mx\/tienda\/promocionales\/boligrafos\/boligrafo-metalico-2\/\",\"url\":\"https:\/\/www.grabadoslaservip.com\/mx\/tienda\/promocionales\/boligrafos\/boligrafo-metalico-2\/\",\"name\":\"Bol\u00edgrafo met\u00e1lico - Grabados VIP\",\"isPartOf\":{\"@id\":\"https:\/\/www.grabadoslaservip.com\/mx\/#website\"},\"primaryImageOfPage\":{\"@id\":\"https:\/\/www.grabadoslaservip.com\/mx\/tienda\/promocionales\/boligrafos\/boligrafo-metalico-2\/#primaryimage\"},\"image\":{\"@id\":\"https:\/\/www.grabadoslaservip.com\/mx\/tienda\/promocionales\/boligrafos\/boligrafo-metalico-2\/#primaryimage\"},\"thumbnailUrl\":\"https:\/\/www.grabadoslaservip.com\/mx\/wp-content\/uploads\/2016\/08\/BP194-estuche.jpg\",\"datePublished\":\"2016-08-02T18:17:36+00:00\",\"dateModified\":\"2016-08-02T18:17:36+00:00\",\"breadcrumb\":{\"@id\":\"https:\/\/www.grabadoslaservip.com\/mx\/tienda\/promocionales\/boligrafos\/boligrafo-metalico-2\/#breadcrumb\"},\"inLanguage\":\"es\",\"potentialAction\":[{\"@type\":\"ReadAction\",\"target\":[\"https:\/\/www.grabadoslaservip.com\/mx\/tienda\/promocionales\/boligrafos\/boligrafo-metalico-2\/\"]}]},{\"@type\":\"ImageObject\",\"inLanguage\":\"es\",\"@id\":\"https:\/\/www.grabadoslaservip.com\/mx\/tienda\/promocionales\/boligrafos\/boligrafo-metalico-2\/#primaryimage\",\"url\":\"https:\/\/www.grabadoslaservip.com\/mx\/wp-content\/uploads\/2016\/08\/BP194-estuche.jpg\",\"contentUrl\":\"https:\/\/www.grabadoslaservip.com\/mx\/wp-content\/uploads\/2016\/08\/BP194-estuche.jpg\",\"width\":500,\"height\":370},{\"@type\":\"BreadcrumbList\",\"@id\":\"https:\/\/www.grabadoslaservip.com\/mx\/tienda\/promocionales\/boligrafos\/boligrafo-metalico-2\/#breadcrumb\",\"itemListElement\":[{\"@type\":\"ListItem\",\"position\":1,\"name\":\"Portada\",\"item\":\"https:\/\/www.grabadoslaservip.com\/mx\/\"},{\"@type\":\"ListItem\",\"position\":2,\"name\":\"Tienda\",\"item\":\"https:\/\/www.grabadoslaservip.com\/mx\/tienda\/\"},{\"@type\":\"ListItem\",\"position\":3,\"name\":\"Bol\u00edgrafo met\u00e1lico\"}]},{\"@type\":\"WebSite\",\"@id\":\"https:\/\/www.grabadoslaservip.com\/mx\/#website\",\"url\":\"https:\/\/www.grabadoslaservip.com\/mx\/\",\"name\":\"Grabados VIP\",\"description\":\"\",\"potentialAction\":[{\"@type\":\"SearchAction\",\"target\":{\"@type\":\"EntryPoint\",\"urlTemplate\":\"https:\/\/www.grabadoslaservip.com\/mx\/?s={search_term_string}\"},\"query-input\":\"required name=search_term_string\"}],\"inLanguage\":\"es\"}]}<\/script>\n<!-- \/ Yoast SEO plugin. -->","yoast_head_json":{"title":"Bol\u00edgrafo met\u00e1lico  - Grabados VIP","robots":{"index":"index","follow":"follow","max-snippet":"max-snippet:-1","max-image-preview":"max-image-preview:large","max-video-preview":"max-video-preview:-1"},"canonical":"https:\/\/www.grabadoslaservip.com\/mx\/tienda\/promocionales\/boligrafos\/boligrafo-metalico-2\/","og_locale":"es_ES","og_type":"article","og_title":"Bol\u00edgrafo met\u00e1lico  - Grabados VIP","og_description":"CLAVE: BP194 NOMBRE: Bol\u00edgrafo met\u00e1lico DESCRIPCION: Metal. Cuerpo de color. Detalles en color Plata. Clip y puntera met\u00e1licas. Apertura giratoria. Tinta negra. Incluye resaltador fluorescente amarillo en parte superior con apertura de rosca, 1 repuesto de tinta negra y 1 repuesto de resaltador. Estuche pl\u00e1stico con tapa transparente. Destape plateado al grabar. DIMENSIONES: CAJA: 17 [&hellip;]","og_url":"https:\/\/www.grabadoslaservip.com\/mx\/tienda\/promocionales\/boligrafos\/boligrafo-metalico-2\/","og_site_name":"Grabados VIP","og_image":[{"width":500,"height":370,"url":"https:\/\/www.grabadoslaservip.com\/mx\/wp-content\/uploads\/2016\/08\/BP194-estuche.jpg","type":"image\/jpeg"}],"twitter_misc":{"Tiempo de lectura":"1 minuto"},"schema":{"@context":"https:\/\/schema.org","@graph":[{"@type":"WebPage","@id":"https:\/\/www.grabadoslaservip.com\/mx\/tienda\/promocionales\/boligrafos\/boligrafo-metalico-2\/","url":"https:\/\/www.grabadoslaservip.com\/mx\/tienda\/promocionales\/boligrafos\/boligrafo-metalico-2\/","name":"Bol\u00edgrafo met\u00e1lico - Grabados VIP","isPartOf":{"@id":"https:\/\/www.grabadoslaservip.com\/mx\/#website"},"primaryImageOfPage":{"@id":"https:\/\/www.grabadoslaservip.com\/mx\/tienda\/promocionales\/boligrafos\/boligrafo-metalico-2\/#primaryimage"},"image":{"@id":"https:\/\/www.grabadoslaservip.com\/mx\/tienda\/promocionales\/boligrafos\/boligrafo-metalico-2\/#primaryimage"},"thumbnailUrl":"https:\/\/www.grabadoslaservip.com\/mx\/wp-content\/uploads\/2016\/08\/BP194-estuche.jpg","datePublished":"2016-08-02T18:17:36+00:00","dateModified":"2016-08-02T18:17:36+00:00","breadcrumb":{"@id":"https:\/\/www.grabadoslaservip.com\/mx\/tienda\/promocionales\/boligrafos\/boligrafo-metalico-2\/#breadcrumb"},"inLanguage":"es","potentialAction":[{"@type":"ReadAction","target":["https:\/\/www.grabadoslaservip.com\/mx\/tienda\/promocionales\/boligrafos\/boligrafo-metalico-2\/"]}]},{"@type":"ImageObject","inLanguage":"es","@id":"https:\/\/www.grabadoslaservip.com\/mx\/tienda\/promocionales\/boligrafos\/boligrafo-metalico-2\/#primaryimage","url":"https:\/\/www.grabadoslaservip.com\/mx\/wp-content\/uploads\/2016\/08\/BP194-estuche.jpg","contentUrl":"https:\/\/www.grabadoslaservip.com\/mx\/wp-content\/uploads\/2016\/08\/BP194-estuche.jpg","width":500,"height":370},{"@type":"BreadcrumbList","@id":"https:\/\/www.grabadoslaservip.com\/mx\/tienda\/promocionales\/boligrafos\/boligrafo-metalico-2\/#breadcrumb","itemListElement":[{"@type":"ListItem","position":1,"name":"Portada","item":"https:\/\/www.grabadoslaservip.com\/mx\/"},{"@type":"ListItem","position":2,"name":"Tienda","item":"https:\/\/www.grabadoslaservip.com\/mx\/tienda\/"},{"@type":"ListItem","position":3,"name":"Bol\u00edgrafo met\u00e1lico"}]},{"@type":"WebSite","@id":"https:\/\/www.grabadoslaservip.com\/mx\/#website","url":"https:\/\/www.grabadoslaservip.com\/mx\/","name":"Grabados VIP","description":"","potentialAction":[{"@type":"SearchAction","target":{"@type":"EntryPoint","urlTemplate":"https:\/\/www.grabadoslaservip.com\/mx\/?s={search_term_string}"},"query-input":"required name=search_term_string"}],"inLanguage":"es"}]}},"_links":{"self":[{"href":"https:\/\/www.grabadoslaservip.com\/mx\/wp-json\/wp\/v2\/product\/11003"}],"collection":[{"href":"https:\/\/www.grabadoslaservip.com\/mx\/wp-json\/wp\/v2\/product"}],"about":[{"href":"https:\/\/www.grabadoslaservip.com\/mx\/wp-json\/wp\/v2\/types\/product"}],"replies":[{"embeddable":true,"href":"https:\/\/www.grabadoslaservip.com\/mx\/wp-json\/wp\/v2\/comments?post=11003"}],"wp:featuredmedia":[{"embeddable":true,"href":"https:\/\/www.grabadoslaservip.com\/mx\/wp-json\/wp\/v2\/media\/11005"}],"wp:attachment":[{"href":"https:\/\/www.grabadoslaservip.com\/mx\/wp-json\/wp\/v2\/media?parent=11003"}],"wp:term":[{"taxonomy":"product_cat","embeddable":true,"href":"https:\/\/www.grabadoslaservip.com\/mx\/wp-json\/wp\/v2\/product_cat?post=11003"},{"taxonomy":"product_tag","embeddable":true,"href":"https:\/\/www.grabadoslaservip.com\/mx\/wp-json\/wp\/v2\/product_tag?post=11003"}],"curies":[{"name":"wp","href":"https:\/\/api.w.org\/{rel}","templated":true}]}}