{"id":11006,"date":"2016-08-02T13:19:16","date_gmt":"2016-08-02T18:19:16","guid":{"rendered":"http:\/\/www.importadorapromocional.com\/?post_type=product&#038;p=11006"},"modified":"2016-08-02T13:19:16","modified_gmt":"2016-08-02T18:19:16","slug":"boligrafo-plastico","status":"publish","type":"product","link":"https:\/\/www.grabadoslaservip.com\/mx\/tienda\/promocionales\/boligrafos\/boligrafo-plastico\/","title":{"rendered":"Bol\u00edgrafo pl\u00e1stico"},"content":{"rendered":"<p>CLAVE: BP195<\/p>\n<p>NOMBRE: Bol\u00edgrafo pl\u00e1stico<\/p>\n<p>DESCRIPCION: Pl\u00e1stico. Cuerpo de color, pulsador, clip y puntera color plata. Tinta negra.<\/p>\n<p>DIMENSIONES: \u00d81.1 x 14.1<\/p>\n<p>MATERIAL: Pl\u00e1stico<\/p>\n<p>AREA DE IMPRESI\u00d3N: BARRIL: \u00d8 0.7 x 4 \/ CLIP: \u00d8 0.8 x 3<\/p>\n<p>TIPO DE IMPRESI\u00d3N: Tampograf\u00eda &#8211; Serigraf\u00eda<\/p>\n<p>EMPAQUE Y PESO: Piezas por caja: 1000. Medida de caja: 50*31*21 cm. Peso de caja: 9.5 kg<\/p>\n<p>COLOR:<br \/>\nAZUL<br \/>\nNARANJA<br \/>\nNEGRO<br \/>\nROJO<\/p>\n","protected":false},"excerpt":{"rendered":"<p>CLAVE: BP195 NOMBRE: Bol\u00edgrafo pl\u00e1stico DESCRIPCION: Pl\u00e1stico. Cuerpo de color, pulsador, clip y puntera color plata. Tinta negra. DIMENSIONES: \u00d81.1 x 14.1 MATERIAL: Pl\u00e1stico AREA DE IMPRESI\u00d3N: BARRIL: \u00d8 0.7 x 4 \/ CLIP: \u00d8 0.8 x 3 TIPO DE IMPRESI\u00d3N: Tampograf\u00eda &#8211; Serigraf\u00eda EMPAQUE Y PESO: Piezas por caja: 1000. Medida de caja: 50*31*21 [&hellip;]\n","protected":false},"featured_media":11008,"comment_status":"open","ping_status":"closed","template":"","meta":[],"product_cat":[198,147],"product_tag":[],"yoast_head":"<!-- This site is optimized with the Yoast SEO plugin v23.1 - https:\/\/yoast.com\/wordpress\/plugins\/seo\/ -->\n<title>Bol\u00edgrafo pl\u00e1stico - Grabados VIP<\/title>\n<meta name=\"robots\" content=\"index, follow, max-snippet:-1, max-image-preview:large, max-video-preview:-1\" \/>\n<link rel=\"canonical\" href=\"https:\/\/www.grabadoslaservip.com\/mx\/tienda\/promocionales\/boligrafos\/boligrafo-plastico\/\" \/>\n<meta property=\"og:locale\" content=\"es_ES\" \/>\n<meta property=\"og:type\" content=\"article\" \/>\n<meta property=\"og:title\" content=\"Bol\u00edgrafo pl\u00e1stico - Grabados VIP\" \/>\n<meta property=\"og:description\" content=\"CLAVE: BP195 NOMBRE: Bol\u00edgrafo pl\u00e1stico DESCRIPCION: Pl\u00e1stico. Cuerpo de color, pulsador, clip y puntera color plata. Tinta negra. DIMENSIONES: \u00d81.1 x 14.1 MATERIAL: Pl\u00e1stico AREA DE IMPRESI\u00d3N: BARRIL: \u00d8 0.7 x 4 \/ CLIP: \u00d8 0.8 x 3 TIPO DE IMPRESI\u00d3N: Tampograf\u00eda &#8211; Serigraf\u00eda EMPAQUE Y PESO: Piezas por caja: 1000. Medida de caja: 50*31*21 [&hellip;]\" \/>\n<meta property=\"og:url\" content=\"https:\/\/www.grabadoslaservip.com\/mx\/tienda\/promocionales\/boligrafos\/boligrafo-plastico\/\" \/>\n<meta property=\"og:site_name\" content=\"Grabados VIP\" \/>\n<meta property=\"og:image\" content=\"https:\/\/www.grabadoslaservip.com\/mx\/wp-content\/uploads\/2016\/08\/BP195-naranja.jpg\" \/>\n\t<meta property=\"og:image:width\" content=\"500\" \/>\n\t<meta property=\"og:image:height\" content=\"370\" \/>\n\t<meta property=\"og:image:type\" content=\"image\/jpeg\" \/>\n<script type=\"application\/ld+json\" class=\"yoast-schema-graph\">{\"@context\":\"https:\/\/schema.org\",\"@graph\":[{\"@type\":\"WebPage\",\"@id\":\"https:\/\/www.grabadoslaservip.com\/mx\/tienda\/promocionales\/boligrafos\/boligrafo-plastico\/\",\"url\":\"https:\/\/www.grabadoslaservip.com\/mx\/tienda\/promocionales\/boligrafos\/boligrafo-plastico\/\",\"name\":\"Bol\u00edgrafo pl\u00e1stico - Grabados VIP\",\"isPartOf\":{\"@id\":\"https:\/\/www.grabadoslaservip.com\/mx\/#website\"},\"primaryImageOfPage\":{\"@id\":\"https:\/\/www.grabadoslaservip.com\/mx\/tienda\/promocionales\/boligrafos\/boligrafo-plastico\/#primaryimage\"},\"image\":{\"@id\":\"https:\/\/www.grabadoslaservip.com\/mx\/tienda\/promocionales\/boligrafos\/boligrafo-plastico\/#primaryimage\"},\"thumbnailUrl\":\"https:\/\/www.grabadoslaservip.com\/mx\/wp-content\/uploads\/2016\/08\/BP195-naranja.jpg\",\"datePublished\":\"2016-08-02T18:19:16+00:00\",\"dateModified\":\"2016-08-02T18:19:16+00:00\",\"breadcrumb\":{\"@id\":\"https:\/\/www.grabadoslaservip.com\/mx\/tienda\/promocionales\/boligrafos\/boligrafo-plastico\/#breadcrumb\"},\"inLanguage\":\"es\",\"potentialAction\":[{\"@type\":\"ReadAction\",\"target\":[\"https:\/\/www.grabadoslaservip.com\/mx\/tienda\/promocionales\/boligrafos\/boligrafo-plastico\/\"]}]},{\"@type\":\"ImageObject\",\"inLanguage\":\"es\",\"@id\":\"https:\/\/www.grabadoslaservip.com\/mx\/tienda\/promocionales\/boligrafos\/boligrafo-plastico\/#primaryimage\",\"url\":\"https:\/\/www.grabadoslaservip.com\/mx\/wp-content\/uploads\/2016\/08\/BP195-naranja.jpg\",\"contentUrl\":\"https:\/\/www.grabadoslaservip.com\/mx\/wp-content\/uploads\/2016\/08\/BP195-naranja.jpg\",\"width\":500,\"height\":370},{\"@type\":\"BreadcrumbList\",\"@id\":\"https:\/\/www.grabadoslaservip.com\/mx\/tienda\/promocionales\/boligrafos\/boligrafo-plastico\/#breadcrumb\",\"itemListElement\":[{\"@type\":\"ListItem\",\"position\":1,\"name\":\"Portada\",\"item\":\"https:\/\/www.grabadoslaservip.com\/mx\/\"},{\"@type\":\"ListItem\",\"position\":2,\"name\":\"Tienda\",\"item\":\"https:\/\/www.grabadoslaservip.com\/mx\/tienda\/\"},{\"@type\":\"ListItem\",\"position\":3,\"name\":\"Bol\u00edgrafo pl\u00e1stico\"}]},{\"@type\":\"WebSite\",\"@id\":\"https:\/\/www.grabadoslaservip.com\/mx\/#website\",\"url\":\"https:\/\/www.grabadoslaservip.com\/mx\/\",\"name\":\"Grabados VIP\",\"description\":\"\",\"potentialAction\":[{\"@type\":\"SearchAction\",\"target\":{\"@type\":\"EntryPoint\",\"urlTemplate\":\"https:\/\/www.grabadoslaservip.com\/mx\/?s={search_term_string}\"},\"query-input\":\"required name=search_term_string\"}],\"inLanguage\":\"es\"}]}<\/script>\n<!-- \/ Yoast SEO plugin. -->","yoast_head_json":{"title":"Bol\u00edgrafo pl\u00e1stico - Grabados VIP","robots":{"index":"index","follow":"follow","max-snippet":"max-snippet:-1","max-image-preview":"max-image-preview:large","max-video-preview":"max-video-preview:-1"},"canonical":"https:\/\/www.grabadoslaservip.com\/mx\/tienda\/promocionales\/boligrafos\/boligrafo-plastico\/","og_locale":"es_ES","og_type":"article","og_title":"Bol\u00edgrafo pl\u00e1stico - Grabados VIP","og_description":"CLAVE: BP195 NOMBRE: Bol\u00edgrafo pl\u00e1stico DESCRIPCION: Pl\u00e1stico. Cuerpo de color, pulsador, clip y puntera color plata. Tinta negra. DIMENSIONES: \u00d81.1 x 14.1 MATERIAL: Pl\u00e1stico AREA DE IMPRESI\u00d3N: BARRIL: \u00d8 0.7 x 4 \/ CLIP: \u00d8 0.8 x 3 TIPO DE IMPRESI\u00d3N: Tampograf\u00eda &#8211; Serigraf\u00eda EMPAQUE Y PESO: Piezas por caja: 1000. Medida de caja: 50*31*21 [&hellip;]","og_url":"https:\/\/www.grabadoslaservip.com\/mx\/tienda\/promocionales\/boligrafos\/boligrafo-plastico\/","og_site_name":"Grabados VIP","og_image":[{"width":500,"height":370,"url":"https:\/\/www.grabadoslaservip.com\/mx\/wp-content\/uploads\/2016\/08\/BP195-naranja.jpg","type":"image\/jpeg"}],"schema":{"@context":"https:\/\/schema.org","@graph":[{"@type":"WebPage","@id":"https:\/\/www.grabadoslaservip.com\/mx\/tienda\/promocionales\/boligrafos\/boligrafo-plastico\/","url":"https:\/\/www.grabadoslaservip.com\/mx\/tienda\/promocionales\/boligrafos\/boligrafo-plastico\/","name":"Bol\u00edgrafo pl\u00e1stico - Grabados VIP","isPartOf":{"@id":"https:\/\/www.grabadoslaservip.com\/mx\/#website"},"primaryImageOfPage":{"@id":"https:\/\/www.grabadoslaservip.com\/mx\/tienda\/promocionales\/boligrafos\/boligrafo-plastico\/#primaryimage"},"image":{"@id":"https:\/\/www.grabadoslaservip.com\/mx\/tienda\/promocionales\/boligrafos\/boligrafo-plastico\/#primaryimage"},"thumbnailUrl":"https:\/\/www.grabadoslaservip.com\/mx\/wp-content\/uploads\/2016\/08\/BP195-naranja.jpg","datePublished":"2016-08-02T18:19:16+00:00","dateModified":"2016-08-02T18:19:16+00:00","breadcrumb":{"@id":"https:\/\/www.grabadoslaservip.com\/mx\/tienda\/promocionales\/boligrafos\/boligrafo-plastico\/#breadcrumb"},"inLanguage":"es","potentialAction":[{"@type":"ReadAction","target":["https:\/\/www.grabadoslaservip.com\/mx\/tienda\/promocionales\/boligrafos\/boligrafo-plastico\/"]}]},{"@type":"ImageObject","inLanguage":"es","@id":"https:\/\/www.grabadoslaservip.com\/mx\/tienda\/promocionales\/boligrafos\/boligrafo-plastico\/#primaryimage","url":"https:\/\/www.grabadoslaservip.com\/mx\/wp-content\/uploads\/2016\/08\/BP195-naranja.jpg","contentUrl":"https:\/\/www.grabadoslaservip.com\/mx\/wp-content\/uploads\/2016\/08\/BP195-naranja.jpg","width":500,"height":370},{"@type":"BreadcrumbList","@id":"https:\/\/www.grabadoslaservip.com\/mx\/tienda\/promocionales\/boligrafos\/boligrafo-plastico\/#breadcrumb","itemListElement":[{"@type":"ListItem","position":1,"name":"Portada","item":"https:\/\/www.grabadoslaservip.com\/mx\/"},{"@type":"ListItem","position":2,"name":"Tienda","item":"https:\/\/www.grabadoslaservip.com\/mx\/tienda\/"},{"@type":"ListItem","position":3,"name":"Bol\u00edgrafo pl\u00e1stico"}]},{"@type":"WebSite","@id":"https:\/\/www.grabadoslaservip.com\/mx\/#website","url":"https:\/\/www.grabadoslaservip.com\/mx\/","name":"Grabados VIP","description":"","potentialAction":[{"@type":"SearchAction","target":{"@type":"EntryPoint","urlTemplate":"https:\/\/www.grabadoslaservip.com\/mx\/?s={search_term_string}"},"query-input":"required name=search_term_string"}],"inLanguage":"es"}]}},"_links":{"self":[{"href":"https:\/\/www.grabadoslaservip.com\/mx\/wp-json\/wp\/v2\/product\/11006"}],"collection":[{"href":"https:\/\/www.grabadoslaservip.com\/mx\/wp-json\/wp\/v2\/product"}],"about":[{"href":"https:\/\/www.grabadoslaservip.com\/mx\/wp-json\/wp\/v2\/types\/product"}],"replies":[{"embeddable":true,"href":"https:\/\/www.grabadoslaservip.com\/mx\/wp-json\/wp\/v2\/comments?post=11006"}],"wp:featuredmedia":[{"embeddable":true,"href":"https:\/\/www.grabadoslaservip.com\/mx\/wp-json\/wp\/v2\/media\/11008"}],"wp:attachment":[{"href":"https:\/\/www.grabadoslaservip.com\/mx\/wp-json\/wp\/v2\/media?parent=11006"}],"wp:term":[{"taxonomy":"product_cat","embeddable":true,"href":"https:\/\/www.grabadoslaservip.com\/mx\/wp-json\/wp\/v2\/product_cat?post=11006"},{"taxonomy":"product_tag","embeddable":true,"href":"https:\/\/www.grabadoslaservip.com\/mx\/wp-json\/wp\/v2\/product_tag?post=11006"}],"curies":[{"name":"wp","href":"https:\/\/api.w.org\/{rel}","templated":true}]}}