{"id":11321,"date":"2016-08-02T17:32:36","date_gmt":"2016-08-02T22:32:36","guid":{"rendered":"http:\/\/www.importadorapromocional.com\/?post_type=product&#038;p=11321"},"modified":"2016-08-02T17:32:36","modified_gmt":"2016-08-02T22:32:36","slug":"maletin","status":"publish","type":"product","link":"https:\/\/www.grabadoslaservip.com\/mx\/tienda\/promocionales\/mochilas\/maletin\/","title":{"rendered":"Malet\u00edn"},"content":{"rendered":"<p>CLAVE: C489<\/p>\n<p>NOMBRE: Malet\u00edn<\/p>\n<p>DESCRIPCION: 31 x 41 x 5,8 cm. Capacidad 6 litros aprox. Polyester 600D. Compartimento principal y bolsa frontal con cierre. Detalles en pl\u00e1stico.<\/p>\n<p>DIMENSIONES: 31 x 41 x 5,8cm<\/p>\n<p>MATERIAL: Polyester<\/p>\n<p>AREA DE IMPRESI\u00d3N: 12cm x 7 cm.<\/p>\n<p>TIPO DE IMPRESI\u00d3N: Bordado e Impresi\u00f3n<\/p>\n<p>EMPAQUE Y PESO: Piezas por caja: 15. Medida de caja: 44*34*46 cm. Peso de caja: 11.8 kg<\/p>\n<p>COLOR:<br \/>\nNEGRO<\/p>\n","protected":false},"excerpt":{"rendered":"<p>CLAVE: C489 NOMBRE: Malet\u00edn DESCRIPCION: 31 x 41 x 5,8 cm. Capacidad 6 litros aprox. Polyester 600D. Compartimento principal y bolsa frontal con cierre. Detalles en pl\u00e1stico. DIMENSIONES: 31 x 41 x 5,8cm MATERIAL: Polyester AREA DE IMPRESI\u00d3N: 12cm x 7 cm. TIPO DE IMPRESI\u00d3N: Bordado e Impresi\u00f3n EMPAQUE Y PESO: Piezas por caja: 15. [&hellip;]\n","protected":false},"featured_media":0,"comment_status":"open","ping_status":"closed","template":"","meta":[],"product_cat":[198,174,194],"product_tag":[],"yoast_head":"<!-- This site is optimized with the Yoast SEO plugin v23.1 - https:\/\/yoast.com\/wordpress\/plugins\/seo\/ -->\n<title>Malet\u00edn - Grabados VIP<\/title>\n<meta name=\"robots\" content=\"index, follow, max-snippet:-1, max-image-preview:large, max-video-preview:-1\" \/>\n<link rel=\"canonical\" href=\"https:\/\/www.grabadoslaservip.com\/mx\/tienda\/promocionales\/mochilas\/maletin\/\" \/>\n<meta property=\"og:locale\" content=\"es_ES\" \/>\n<meta property=\"og:type\" content=\"article\" \/>\n<meta property=\"og:title\" content=\"Malet\u00edn - Grabados VIP\" \/>\n<meta property=\"og:description\" content=\"CLAVE: C489 NOMBRE: Malet\u00edn DESCRIPCION: 31 x 41 x 5,8 cm. Capacidad 6 litros aprox. Polyester 600D. Compartimento principal y bolsa frontal con cierre. Detalles en pl\u00e1stico. DIMENSIONES: 31 x 41 x 5,8cm MATERIAL: Polyester AREA DE IMPRESI\u00d3N: 12cm x 7 cm. TIPO DE IMPRESI\u00d3N: Bordado e Impresi\u00f3n EMPAQUE Y PESO: Piezas por caja: 15. [&hellip;]\" \/>\n<meta property=\"og:url\" content=\"https:\/\/www.grabadoslaservip.com\/mx\/tienda\/promocionales\/mochilas\/maletin\/\" \/>\n<meta property=\"og:site_name\" content=\"Grabados VIP\" \/>\n<script type=\"application\/ld+json\" class=\"yoast-schema-graph\">{\"@context\":\"https:\/\/schema.org\",\"@graph\":[{\"@type\":\"WebPage\",\"@id\":\"https:\/\/www.grabadoslaservip.com\/mx\/tienda\/promocionales\/mochilas\/maletin\/\",\"url\":\"https:\/\/www.grabadoslaservip.com\/mx\/tienda\/promocionales\/mochilas\/maletin\/\",\"name\":\"Malet\u00edn - Grabados VIP\",\"isPartOf\":{\"@id\":\"https:\/\/www.grabadoslaservip.com\/mx\/#website\"},\"datePublished\":\"2016-08-02T22:32:36+00:00\",\"dateModified\":\"2016-08-02T22:32:36+00:00\",\"breadcrumb\":{\"@id\":\"https:\/\/www.grabadoslaservip.com\/mx\/tienda\/promocionales\/mochilas\/maletin\/#breadcrumb\"},\"inLanguage\":\"es\",\"potentialAction\":[{\"@type\":\"ReadAction\",\"target\":[\"https:\/\/www.grabadoslaservip.com\/mx\/tienda\/promocionales\/mochilas\/maletin\/\"]}]},{\"@type\":\"BreadcrumbList\",\"@id\":\"https:\/\/www.grabadoslaservip.com\/mx\/tienda\/promocionales\/mochilas\/maletin\/#breadcrumb\",\"itemListElement\":[{\"@type\":\"ListItem\",\"position\":1,\"name\":\"Portada\",\"item\":\"https:\/\/www.grabadoslaservip.com\/mx\/\"},{\"@type\":\"ListItem\",\"position\":2,\"name\":\"Tienda\",\"item\":\"https:\/\/www.grabadoslaservip.com\/mx\/tienda\/\"},{\"@type\":\"ListItem\",\"position\":3,\"name\":\"Malet\u00edn\"}]},{\"@type\":\"WebSite\",\"@id\":\"https:\/\/www.grabadoslaservip.com\/mx\/#website\",\"url\":\"https:\/\/www.grabadoslaservip.com\/mx\/\",\"name\":\"Grabados VIP\",\"description\":\"\",\"potentialAction\":[{\"@type\":\"SearchAction\",\"target\":{\"@type\":\"EntryPoint\",\"urlTemplate\":\"https:\/\/www.grabadoslaservip.com\/mx\/?s={search_term_string}\"},\"query-input\":\"required name=search_term_string\"}],\"inLanguage\":\"es\"}]}<\/script>\n<!-- \/ Yoast SEO plugin. -->","yoast_head_json":{"title":"Malet\u00edn - Grabados VIP","robots":{"index":"index","follow":"follow","max-snippet":"max-snippet:-1","max-image-preview":"max-image-preview:large","max-video-preview":"max-video-preview:-1"},"canonical":"https:\/\/www.grabadoslaservip.com\/mx\/tienda\/promocionales\/mochilas\/maletin\/","og_locale":"es_ES","og_type":"article","og_title":"Malet\u00edn - Grabados VIP","og_description":"CLAVE: C489 NOMBRE: Malet\u00edn DESCRIPCION: 31 x 41 x 5,8 cm. Capacidad 6 litros aprox. Polyester 600D. Compartimento principal y bolsa frontal con cierre. Detalles en pl\u00e1stico. DIMENSIONES: 31 x 41 x 5,8cm MATERIAL: Polyester AREA DE IMPRESI\u00d3N: 12cm x 7 cm. TIPO DE IMPRESI\u00d3N: Bordado e Impresi\u00f3n EMPAQUE Y PESO: Piezas por caja: 15. [&hellip;]","og_url":"https:\/\/www.grabadoslaservip.com\/mx\/tienda\/promocionales\/mochilas\/maletin\/","og_site_name":"Grabados VIP","schema":{"@context":"https:\/\/schema.org","@graph":[{"@type":"WebPage","@id":"https:\/\/www.grabadoslaservip.com\/mx\/tienda\/promocionales\/mochilas\/maletin\/","url":"https:\/\/www.grabadoslaservip.com\/mx\/tienda\/promocionales\/mochilas\/maletin\/","name":"Malet\u00edn - Grabados VIP","isPartOf":{"@id":"https:\/\/www.grabadoslaservip.com\/mx\/#website"},"datePublished":"2016-08-02T22:32:36+00:00","dateModified":"2016-08-02T22:32:36+00:00","breadcrumb":{"@id":"https:\/\/www.grabadoslaservip.com\/mx\/tienda\/promocionales\/mochilas\/maletin\/#breadcrumb"},"inLanguage":"es","potentialAction":[{"@type":"ReadAction","target":["https:\/\/www.grabadoslaservip.com\/mx\/tienda\/promocionales\/mochilas\/maletin\/"]}]},{"@type":"BreadcrumbList","@id":"https:\/\/www.grabadoslaservip.com\/mx\/tienda\/promocionales\/mochilas\/maletin\/#breadcrumb","itemListElement":[{"@type":"ListItem","position":1,"name":"Portada","item":"https:\/\/www.grabadoslaservip.com\/mx\/"},{"@type":"ListItem","position":2,"name":"Tienda","item":"https:\/\/www.grabadoslaservip.com\/mx\/tienda\/"},{"@type":"ListItem","position":3,"name":"Malet\u00edn"}]},{"@type":"WebSite","@id":"https:\/\/www.grabadoslaservip.com\/mx\/#website","url":"https:\/\/www.grabadoslaservip.com\/mx\/","name":"Grabados VIP","description":"","potentialAction":[{"@type":"SearchAction","target":{"@type":"EntryPoint","urlTemplate":"https:\/\/www.grabadoslaservip.com\/mx\/?s={search_term_string}"},"query-input":"required name=search_term_string"}],"inLanguage":"es"}]}},"_links":{"self":[{"href":"https:\/\/www.grabadoslaservip.com\/mx\/wp-json\/wp\/v2\/product\/11321"}],"collection":[{"href":"https:\/\/www.grabadoslaservip.com\/mx\/wp-json\/wp\/v2\/product"}],"about":[{"href":"https:\/\/www.grabadoslaservip.com\/mx\/wp-json\/wp\/v2\/types\/product"}],"replies":[{"embeddable":true,"href":"https:\/\/www.grabadoslaservip.com\/mx\/wp-json\/wp\/v2\/comments?post=11321"}],"wp:attachment":[{"href":"https:\/\/www.grabadoslaservip.com\/mx\/wp-json\/wp\/v2\/media?parent=11321"}],"wp:term":[{"taxonomy":"product_cat","embeddable":true,"href":"https:\/\/www.grabadoslaservip.com\/mx\/wp-json\/wp\/v2\/product_cat?post=11321"},{"taxonomy":"product_tag","embeddable":true,"href":"https:\/\/www.grabadoslaservip.com\/mx\/wp-json\/wp\/v2\/product_tag?post=11321"}],"curies":[{"name":"wp","href":"https:\/\/api.w.org\/{rel}","templated":true}]}}