{"id":11421,"date":"2016-08-24T12:22:53","date_gmt":"2016-08-24T17:22:53","guid":{"rendered":"http:\/\/www.importadorapromocional.com\/?post_type=product&#038;p=11421"},"modified":"2016-08-24T12:22:53","modified_gmt":"2016-08-24T17:22:53","slug":"linterna-boligrafo-md","status":"publish","type":"product","link":"https:\/\/www.grabadoslaservip.com\/mx\/tienda\/promocionales\/articulos-g4\/linterna-boligrafo-md\/","title":{"rendered":"LINTERNA BOL\u00cdGRAFO MD"},"content":{"rendered":"<p>Descripci\u00f3n: Bol\u00edgrafo con linterna fabricado en aluminio. Mecanismo retr\u00e1ctil. La luz que emite proviene de la punta que te permite escribir en lugares de escasa iluminaci\u00f3n. Incluye bater\u00edas (3 tipo AG3).<\/p>\n<p>Colores: Titanio y aluminio.<\/p>\n<p>&nbsp;<\/p>\n","protected":false},"excerpt":{"rendered":"<p>Descripci\u00f3n: Bol\u00edgrafo con linterna fabricado en aluminio. Mecanismo retr\u00e1ctil. La luz que emite proviene de la punta que te permite escribir en lugares de escasa iluminaci\u00f3n. Incluye bater\u00edas (3 tipo AG3). Colores: Titanio y aluminio. &nbsp;<\/p>\n","protected":false},"featured_media":11422,"comment_status":"open","ping_status":"closed","template":"","meta":[],"product_cat":[197],"product_tag":[],"yoast_head":"<!-- This site is optimized with the Yoast SEO plugin v23.1 - https:\/\/yoast.com\/wordpress\/plugins\/seo\/ -->\n<title>LINTERNA BOL\u00cdGRAFO MD - Grabados VIP<\/title>\n<meta name=\"robots\" content=\"index, follow, max-snippet:-1, max-image-preview:large, max-video-preview:-1\" \/>\n<link rel=\"canonical\" href=\"https:\/\/www.grabadoslaservip.com\/mx\/tienda\/promocionales\/articulos-g4\/linterna-boligrafo-md\/\" \/>\n<meta property=\"og:locale\" content=\"es_ES\" \/>\n<meta property=\"og:type\" content=\"article\" \/>\n<meta property=\"og:title\" content=\"LINTERNA BOL\u00cdGRAFO MD - Grabados VIP\" \/>\n<meta property=\"og:description\" content=\"Descripci\u00f3n: Bol\u00edgrafo con linterna fabricado en aluminio. Mecanismo retr\u00e1ctil. La luz que emite proviene de la punta que te permite escribir en lugares de escasa iluminaci\u00f3n. Incluye bater\u00edas (3 tipo AG3). Colores: Titanio y aluminio. &nbsp;\" \/>\n<meta property=\"og:url\" content=\"https:\/\/www.grabadoslaservip.com\/mx\/tienda\/promocionales\/articulos-g4\/linterna-boligrafo-md\/\" \/>\n<meta property=\"og:site_name\" content=\"Grabados VIP\" \/>\n<meta property=\"og:image\" content=\"https:\/\/www.grabadoslaservip.com\/mx\/wp-content\/uploads\/2016\/08\/lin-1md.png\" \/>\n\t<meta property=\"og:image:width\" content=\"675\" \/>\n\t<meta property=\"og:image:height\" content=\"675\" \/>\n\t<meta property=\"og:image:type\" content=\"image\/png\" \/>\n<script type=\"application\/ld+json\" class=\"yoast-schema-graph\">{\"@context\":\"https:\/\/schema.org\",\"@graph\":[{\"@type\":\"WebPage\",\"@id\":\"https:\/\/www.grabadoslaservip.com\/mx\/tienda\/promocionales\/articulos-g4\/linterna-boligrafo-md\/\",\"url\":\"https:\/\/www.grabadoslaservip.com\/mx\/tienda\/promocionales\/articulos-g4\/linterna-boligrafo-md\/\",\"name\":\"LINTERNA BOL\u00cdGRAFO MD - Grabados VIP\",\"isPartOf\":{\"@id\":\"https:\/\/www.grabadoslaservip.com\/mx\/#website\"},\"primaryImageOfPage\":{\"@id\":\"https:\/\/www.grabadoslaservip.com\/mx\/tienda\/promocionales\/articulos-g4\/linterna-boligrafo-md\/#primaryimage\"},\"image\":{\"@id\":\"https:\/\/www.grabadoslaservip.com\/mx\/tienda\/promocionales\/articulos-g4\/linterna-boligrafo-md\/#primaryimage\"},\"thumbnailUrl\":\"https:\/\/www.grabadoslaservip.com\/mx\/wp-content\/uploads\/2016\/08\/lin-1md.png\",\"datePublished\":\"2016-08-24T17:22:53+00:00\",\"dateModified\":\"2016-08-24T17:22:53+00:00\",\"breadcrumb\":{\"@id\":\"https:\/\/www.grabadoslaservip.com\/mx\/tienda\/promocionales\/articulos-g4\/linterna-boligrafo-md\/#breadcrumb\"},\"inLanguage\":\"es\",\"potentialAction\":[{\"@type\":\"ReadAction\",\"target\":[\"https:\/\/www.grabadoslaservip.com\/mx\/tienda\/promocionales\/articulos-g4\/linterna-boligrafo-md\/\"]}]},{\"@type\":\"ImageObject\",\"inLanguage\":\"es\",\"@id\":\"https:\/\/www.grabadoslaservip.com\/mx\/tienda\/promocionales\/articulos-g4\/linterna-boligrafo-md\/#primaryimage\",\"url\":\"https:\/\/www.grabadoslaservip.com\/mx\/wp-content\/uploads\/2016\/08\/lin-1md.png\",\"contentUrl\":\"https:\/\/www.grabadoslaservip.com\/mx\/wp-content\/uploads\/2016\/08\/lin-1md.png\",\"width\":675,\"height\":675},{\"@type\":\"BreadcrumbList\",\"@id\":\"https:\/\/www.grabadoslaservip.com\/mx\/tienda\/promocionales\/articulos-g4\/linterna-boligrafo-md\/#breadcrumb\",\"itemListElement\":[{\"@type\":\"ListItem\",\"position\":1,\"name\":\"Portada\",\"item\":\"https:\/\/www.grabadoslaservip.com\/mx\/\"},{\"@type\":\"ListItem\",\"position\":2,\"name\":\"Tienda\",\"item\":\"https:\/\/www.grabadoslaservip.com\/mx\/tienda\/\"},{\"@type\":\"ListItem\",\"position\":3,\"name\":\"LINTERNA BOL\u00cdGRAFO MD\"}]},{\"@type\":\"WebSite\",\"@id\":\"https:\/\/www.grabadoslaservip.com\/mx\/#website\",\"url\":\"https:\/\/www.grabadoslaservip.com\/mx\/\",\"name\":\"Grabados VIP\",\"description\":\"\",\"potentialAction\":[{\"@type\":\"SearchAction\",\"target\":{\"@type\":\"EntryPoint\",\"urlTemplate\":\"https:\/\/www.grabadoslaservip.com\/mx\/?s={search_term_string}\"},\"query-input\":\"required name=search_term_string\"}],\"inLanguage\":\"es\"}]}<\/script>\n<!-- \/ Yoast SEO plugin. -->","yoast_head_json":{"title":"LINTERNA BOL\u00cdGRAFO MD - Grabados VIP","robots":{"index":"index","follow":"follow","max-snippet":"max-snippet:-1","max-image-preview":"max-image-preview:large","max-video-preview":"max-video-preview:-1"},"canonical":"https:\/\/www.grabadoslaservip.com\/mx\/tienda\/promocionales\/articulos-g4\/linterna-boligrafo-md\/","og_locale":"es_ES","og_type":"article","og_title":"LINTERNA BOL\u00cdGRAFO MD - Grabados VIP","og_description":"Descripci\u00f3n: Bol\u00edgrafo con linterna fabricado en aluminio. Mecanismo retr\u00e1ctil. La luz que emite proviene de la punta que te permite escribir en lugares de escasa iluminaci\u00f3n. Incluye bater\u00edas (3 tipo AG3). Colores: Titanio y aluminio. &nbsp;","og_url":"https:\/\/www.grabadoslaservip.com\/mx\/tienda\/promocionales\/articulos-g4\/linterna-boligrafo-md\/","og_site_name":"Grabados VIP","og_image":[{"width":675,"height":675,"url":"https:\/\/www.grabadoslaservip.com\/mx\/wp-content\/uploads\/2016\/08\/lin-1md.png","type":"image\/png"}],"schema":{"@context":"https:\/\/schema.org","@graph":[{"@type":"WebPage","@id":"https:\/\/www.grabadoslaservip.com\/mx\/tienda\/promocionales\/articulos-g4\/linterna-boligrafo-md\/","url":"https:\/\/www.grabadoslaservip.com\/mx\/tienda\/promocionales\/articulos-g4\/linterna-boligrafo-md\/","name":"LINTERNA BOL\u00cdGRAFO MD - Grabados VIP","isPartOf":{"@id":"https:\/\/www.grabadoslaservip.com\/mx\/#website"},"primaryImageOfPage":{"@id":"https:\/\/www.grabadoslaservip.com\/mx\/tienda\/promocionales\/articulos-g4\/linterna-boligrafo-md\/#primaryimage"},"image":{"@id":"https:\/\/www.grabadoslaservip.com\/mx\/tienda\/promocionales\/articulos-g4\/linterna-boligrafo-md\/#primaryimage"},"thumbnailUrl":"https:\/\/www.grabadoslaservip.com\/mx\/wp-content\/uploads\/2016\/08\/lin-1md.png","datePublished":"2016-08-24T17:22:53+00:00","dateModified":"2016-08-24T17:22:53+00:00","breadcrumb":{"@id":"https:\/\/www.grabadoslaservip.com\/mx\/tienda\/promocionales\/articulos-g4\/linterna-boligrafo-md\/#breadcrumb"},"inLanguage":"es","potentialAction":[{"@type":"ReadAction","target":["https:\/\/www.grabadoslaservip.com\/mx\/tienda\/promocionales\/articulos-g4\/linterna-boligrafo-md\/"]}]},{"@type":"ImageObject","inLanguage":"es","@id":"https:\/\/www.grabadoslaservip.com\/mx\/tienda\/promocionales\/articulos-g4\/linterna-boligrafo-md\/#primaryimage","url":"https:\/\/www.grabadoslaservip.com\/mx\/wp-content\/uploads\/2016\/08\/lin-1md.png","contentUrl":"https:\/\/www.grabadoslaservip.com\/mx\/wp-content\/uploads\/2016\/08\/lin-1md.png","width":675,"height":675},{"@type":"BreadcrumbList","@id":"https:\/\/www.grabadoslaservip.com\/mx\/tienda\/promocionales\/articulos-g4\/linterna-boligrafo-md\/#breadcrumb","itemListElement":[{"@type":"ListItem","position":1,"name":"Portada","item":"https:\/\/www.grabadoslaservip.com\/mx\/"},{"@type":"ListItem","position":2,"name":"Tienda","item":"https:\/\/www.grabadoslaservip.com\/mx\/tienda\/"},{"@type":"ListItem","position":3,"name":"LINTERNA BOL\u00cdGRAFO MD"}]},{"@type":"WebSite","@id":"https:\/\/www.grabadoslaservip.com\/mx\/#website","url":"https:\/\/www.grabadoslaservip.com\/mx\/","name":"Grabados VIP","description":"","potentialAction":[{"@type":"SearchAction","target":{"@type":"EntryPoint","urlTemplate":"https:\/\/www.grabadoslaservip.com\/mx\/?s={search_term_string}"},"query-input":"required name=search_term_string"}],"inLanguage":"es"}]}},"_links":{"self":[{"href":"https:\/\/www.grabadoslaservip.com\/mx\/wp-json\/wp\/v2\/product\/11421"}],"collection":[{"href":"https:\/\/www.grabadoslaservip.com\/mx\/wp-json\/wp\/v2\/product"}],"about":[{"href":"https:\/\/www.grabadoslaservip.com\/mx\/wp-json\/wp\/v2\/types\/product"}],"replies":[{"embeddable":true,"href":"https:\/\/www.grabadoslaservip.com\/mx\/wp-json\/wp\/v2\/comments?post=11421"}],"wp:featuredmedia":[{"embeddable":true,"href":"https:\/\/www.grabadoslaservip.com\/mx\/wp-json\/wp\/v2\/media\/11422"}],"wp:attachment":[{"href":"https:\/\/www.grabadoslaservip.com\/mx\/wp-json\/wp\/v2\/media?parent=11421"}],"wp:term":[{"taxonomy":"product_cat","embeddable":true,"href":"https:\/\/www.grabadoslaservip.com\/mx\/wp-json\/wp\/v2\/product_cat?post=11421"},{"taxonomy":"product_tag","embeddable":true,"href":"https:\/\/www.grabadoslaservip.com\/mx\/wp-json\/wp\/v2\/product_tag?post=11421"}],"curies":[{"name":"wp","href":"https:\/\/api.w.org\/{rel}","templated":true}]}}