{"id":11457,"date":"2016-08-26T09:21:33","date_gmt":"2016-08-26T14:21:33","guid":{"rendered":"http:\/\/www.importadorapromocional.com\/?post_type=product&#038;p=11457"},"modified":"2016-08-26T09:21:33","modified_gmt":"2016-08-26T14:21:33","slug":"boligrafo-xpand","status":"publish","type":"product","link":"https:\/\/www.grabadoslaservip.com\/mx\/tienda\/promocionales\/articulos-g4\/boligrafo-xpand\/","title":{"rendered":"BOL\u00cdGRAFO XPAND"},"content":{"rendered":"<p>Descripci\u00f3n: Bol\u00edgrafo met\u00e1lico negro con detalles cromados. Para utilizarlo, es necesario tirar de los dos extremos, ya que al tomar su tama\u00f1o regular, la punta queda expuesta para poder utilizarlo. De la misma manera, para contraer el repuesto, ser\u00e1 necesario regresarlo a su posici\u00f3n original. Tinta Negra. Incluye estuche individual.<\/p>\n<p>Colores: Negro.<\/p>\n<p>&nbsp;<\/p>\n","protected":false},"excerpt":{"rendered":"<p>Descripci\u00f3n: Bol\u00edgrafo met\u00e1lico negro con detalles cromados. Para utilizarlo, es necesario tirar de los dos extremos, ya que al tomar su tama\u00f1o regular, la punta queda expuesta para poder utilizarlo. De la misma manera, para contraer el repuesto, ser\u00e1 necesario regresarlo a su posici\u00f3n original. Tinta Negra. Incluye estuche individual. Colores: Negro. &nbsp;<\/p>\n","protected":false},"featured_media":11458,"comment_status":"open","ping_status":"closed","template":"","meta":[],"product_cat":[197],"product_tag":[],"yoast_head":"<!-- This site is optimized with the Yoast SEO plugin v23.1 - https:\/\/yoast.com\/wordpress\/plugins\/seo\/ -->\n<title>BOL\u00cdGRAFO XPAND - Grabados VIP<\/title>\n<meta name=\"robots\" content=\"index, follow, max-snippet:-1, max-image-preview:large, max-video-preview:-1\" \/>\n<link rel=\"canonical\" href=\"https:\/\/www.grabadoslaservip.com\/mx\/tienda\/promocionales\/articulos-g4\/boligrafo-xpand\/\" \/>\n<meta property=\"og:locale\" content=\"es_ES\" \/>\n<meta property=\"og:type\" content=\"article\" \/>\n<meta property=\"og:title\" content=\"BOL\u00cdGRAFO XPAND - Grabados VIP\" \/>\n<meta property=\"og:description\" content=\"Descripci\u00f3n: Bol\u00edgrafo met\u00e1lico negro con detalles cromados. Para utilizarlo, es necesario tirar de los dos extremos, ya que al tomar su tama\u00f1o regular, la punta queda expuesta para poder utilizarlo. De la misma manera, para contraer el repuesto, ser\u00e1 necesario regresarlo a su posici\u00f3n original. Tinta Negra. Incluye estuche individual. Colores: Negro. &nbsp;\" \/>\n<meta property=\"og:url\" content=\"https:\/\/www.grabadoslaservip.com\/mx\/tienda\/promocionales\/articulos-g4\/boligrafo-xpand\/\" \/>\n<meta property=\"og:site_name\" content=\"Grabados VIP\" \/>\n<meta property=\"og:image\" content=\"https:\/\/www.grabadoslaservip.com\/mx\/wp-content\/uploads\/2016\/08\/xpa-met.png\" \/>\n\t<meta property=\"og:image:width\" content=\"675\" \/>\n\t<meta property=\"og:image:height\" content=\"675\" \/>\n\t<meta property=\"og:image:type\" content=\"image\/png\" \/>\n<script type=\"application\/ld+json\" class=\"yoast-schema-graph\">{\"@context\":\"https:\/\/schema.org\",\"@graph\":[{\"@type\":\"WebPage\",\"@id\":\"https:\/\/www.grabadoslaservip.com\/mx\/tienda\/promocionales\/articulos-g4\/boligrafo-xpand\/\",\"url\":\"https:\/\/www.grabadoslaservip.com\/mx\/tienda\/promocionales\/articulos-g4\/boligrafo-xpand\/\",\"name\":\"BOL\u00cdGRAFO XPAND - Grabados VIP\",\"isPartOf\":{\"@id\":\"https:\/\/www.grabadoslaservip.com\/mx\/#website\"},\"primaryImageOfPage\":{\"@id\":\"https:\/\/www.grabadoslaservip.com\/mx\/tienda\/promocionales\/articulos-g4\/boligrafo-xpand\/#primaryimage\"},\"image\":{\"@id\":\"https:\/\/www.grabadoslaservip.com\/mx\/tienda\/promocionales\/articulos-g4\/boligrafo-xpand\/#primaryimage\"},\"thumbnailUrl\":\"https:\/\/www.grabadoslaservip.com\/mx\/wp-content\/uploads\/2016\/08\/xpa-met.png\",\"datePublished\":\"2016-08-26T14:21:33+00:00\",\"dateModified\":\"2016-08-26T14:21:33+00:00\",\"breadcrumb\":{\"@id\":\"https:\/\/www.grabadoslaservip.com\/mx\/tienda\/promocionales\/articulos-g4\/boligrafo-xpand\/#breadcrumb\"},\"inLanguage\":\"es\",\"potentialAction\":[{\"@type\":\"ReadAction\",\"target\":[\"https:\/\/www.grabadoslaservip.com\/mx\/tienda\/promocionales\/articulos-g4\/boligrafo-xpand\/\"]}]},{\"@type\":\"ImageObject\",\"inLanguage\":\"es\",\"@id\":\"https:\/\/www.grabadoslaservip.com\/mx\/tienda\/promocionales\/articulos-g4\/boligrafo-xpand\/#primaryimage\",\"url\":\"https:\/\/www.grabadoslaservip.com\/mx\/wp-content\/uploads\/2016\/08\/xpa-met.png\",\"contentUrl\":\"https:\/\/www.grabadoslaservip.com\/mx\/wp-content\/uploads\/2016\/08\/xpa-met.png\",\"width\":675,\"height\":675},{\"@type\":\"BreadcrumbList\",\"@id\":\"https:\/\/www.grabadoslaservip.com\/mx\/tienda\/promocionales\/articulos-g4\/boligrafo-xpand\/#breadcrumb\",\"itemListElement\":[{\"@type\":\"ListItem\",\"position\":1,\"name\":\"Portada\",\"item\":\"https:\/\/www.grabadoslaservip.com\/mx\/\"},{\"@type\":\"ListItem\",\"position\":2,\"name\":\"Tienda\",\"item\":\"https:\/\/www.grabadoslaservip.com\/mx\/tienda\/\"},{\"@type\":\"ListItem\",\"position\":3,\"name\":\"BOL\u00cdGRAFO XPAND\"}]},{\"@type\":\"WebSite\",\"@id\":\"https:\/\/www.grabadoslaservip.com\/mx\/#website\",\"url\":\"https:\/\/www.grabadoslaservip.com\/mx\/\",\"name\":\"Grabados VIP\",\"description\":\"\",\"potentialAction\":[{\"@type\":\"SearchAction\",\"target\":{\"@type\":\"EntryPoint\",\"urlTemplate\":\"https:\/\/www.grabadoslaservip.com\/mx\/?s={search_term_string}\"},\"query-input\":\"required name=search_term_string\"}],\"inLanguage\":\"es\"}]}<\/script>\n<!-- \/ Yoast SEO plugin. -->","yoast_head_json":{"title":"BOL\u00cdGRAFO XPAND - Grabados VIP","robots":{"index":"index","follow":"follow","max-snippet":"max-snippet:-1","max-image-preview":"max-image-preview:large","max-video-preview":"max-video-preview:-1"},"canonical":"https:\/\/www.grabadoslaservip.com\/mx\/tienda\/promocionales\/articulos-g4\/boligrafo-xpand\/","og_locale":"es_ES","og_type":"article","og_title":"BOL\u00cdGRAFO XPAND - Grabados VIP","og_description":"Descripci\u00f3n: Bol\u00edgrafo met\u00e1lico negro con detalles cromados. Para utilizarlo, es necesario tirar de los dos extremos, ya que al tomar su tama\u00f1o regular, la punta queda expuesta para poder utilizarlo. De la misma manera, para contraer el repuesto, ser\u00e1 necesario regresarlo a su posici\u00f3n original. Tinta Negra. Incluye estuche individual. Colores: Negro. &nbsp;","og_url":"https:\/\/www.grabadoslaservip.com\/mx\/tienda\/promocionales\/articulos-g4\/boligrafo-xpand\/","og_site_name":"Grabados VIP","og_image":[{"width":675,"height":675,"url":"https:\/\/www.grabadoslaservip.com\/mx\/wp-content\/uploads\/2016\/08\/xpa-met.png","type":"image\/png"}],"schema":{"@context":"https:\/\/schema.org","@graph":[{"@type":"WebPage","@id":"https:\/\/www.grabadoslaservip.com\/mx\/tienda\/promocionales\/articulos-g4\/boligrafo-xpand\/","url":"https:\/\/www.grabadoslaservip.com\/mx\/tienda\/promocionales\/articulos-g4\/boligrafo-xpand\/","name":"BOL\u00cdGRAFO XPAND - Grabados VIP","isPartOf":{"@id":"https:\/\/www.grabadoslaservip.com\/mx\/#website"},"primaryImageOfPage":{"@id":"https:\/\/www.grabadoslaservip.com\/mx\/tienda\/promocionales\/articulos-g4\/boligrafo-xpand\/#primaryimage"},"image":{"@id":"https:\/\/www.grabadoslaservip.com\/mx\/tienda\/promocionales\/articulos-g4\/boligrafo-xpand\/#primaryimage"},"thumbnailUrl":"https:\/\/www.grabadoslaservip.com\/mx\/wp-content\/uploads\/2016\/08\/xpa-met.png","datePublished":"2016-08-26T14:21:33+00:00","dateModified":"2016-08-26T14:21:33+00:00","breadcrumb":{"@id":"https:\/\/www.grabadoslaservip.com\/mx\/tienda\/promocionales\/articulos-g4\/boligrafo-xpand\/#breadcrumb"},"inLanguage":"es","potentialAction":[{"@type":"ReadAction","target":["https:\/\/www.grabadoslaservip.com\/mx\/tienda\/promocionales\/articulos-g4\/boligrafo-xpand\/"]}]},{"@type":"ImageObject","inLanguage":"es","@id":"https:\/\/www.grabadoslaservip.com\/mx\/tienda\/promocionales\/articulos-g4\/boligrafo-xpand\/#primaryimage","url":"https:\/\/www.grabadoslaservip.com\/mx\/wp-content\/uploads\/2016\/08\/xpa-met.png","contentUrl":"https:\/\/www.grabadoslaservip.com\/mx\/wp-content\/uploads\/2016\/08\/xpa-met.png","width":675,"height":675},{"@type":"BreadcrumbList","@id":"https:\/\/www.grabadoslaservip.com\/mx\/tienda\/promocionales\/articulos-g4\/boligrafo-xpand\/#breadcrumb","itemListElement":[{"@type":"ListItem","position":1,"name":"Portada","item":"https:\/\/www.grabadoslaservip.com\/mx\/"},{"@type":"ListItem","position":2,"name":"Tienda","item":"https:\/\/www.grabadoslaservip.com\/mx\/tienda\/"},{"@type":"ListItem","position":3,"name":"BOL\u00cdGRAFO XPAND"}]},{"@type":"WebSite","@id":"https:\/\/www.grabadoslaservip.com\/mx\/#website","url":"https:\/\/www.grabadoslaservip.com\/mx\/","name":"Grabados VIP","description":"","potentialAction":[{"@type":"SearchAction","target":{"@type":"EntryPoint","urlTemplate":"https:\/\/www.grabadoslaservip.com\/mx\/?s={search_term_string}"},"query-input":"required name=search_term_string"}],"inLanguage":"es"}]}},"_links":{"self":[{"href":"https:\/\/www.grabadoslaservip.com\/mx\/wp-json\/wp\/v2\/product\/11457"}],"collection":[{"href":"https:\/\/www.grabadoslaservip.com\/mx\/wp-json\/wp\/v2\/product"}],"about":[{"href":"https:\/\/www.grabadoslaservip.com\/mx\/wp-json\/wp\/v2\/types\/product"}],"replies":[{"embeddable":true,"href":"https:\/\/www.grabadoslaservip.com\/mx\/wp-json\/wp\/v2\/comments?post=11457"}],"wp:featuredmedia":[{"embeddable":true,"href":"https:\/\/www.grabadoslaservip.com\/mx\/wp-json\/wp\/v2\/media\/11458"}],"wp:attachment":[{"href":"https:\/\/www.grabadoslaservip.com\/mx\/wp-json\/wp\/v2\/media?parent=11457"}],"wp:term":[{"taxonomy":"product_cat","embeddable":true,"href":"https:\/\/www.grabadoslaservip.com\/mx\/wp-json\/wp\/v2\/product_cat?post=11457"},{"taxonomy":"product_tag","embeddable":true,"href":"https:\/\/www.grabadoslaservip.com\/mx\/wp-json\/wp\/v2\/product_tag?post=11457"}],"curies":[{"name":"wp","href":"https:\/\/api.w.org\/{rel}","templated":true}]}}