{"id":3272,"date":"2014-07-31T08:55:42","date_gmt":"2014-07-31T14:55:42","guid":{"rendered":"http:\/\/www.importadorapromocional.com\/?post_type=product&#038;p=3272"},"modified":"2014-07-31T08:55:42","modified_gmt":"2014-07-31T14:55:42","slug":"apuntador-liten","status":"publish","type":"product","link":"https:\/\/www.grabadoslaservip.com\/mx\/tienda\/promocionales\/accesorios-smartphone\/apuntador-liten\/","title":{"rendered":"APUNTADOR LITEN"},"content":{"rendered":"<table style=\"color: #000000;\" border=\"0\" width=\"100%\" cellspacing=\"2\" cellpadding=\"2\">\n<tbody>\n<tr>\n<td align=\"right\" width=\"27%\"><strong style=\"font-weight: bold;\">CATEGOR\u00cdA<\/strong><\/td>\n<td width=\"73%\">ACC TABLET Y SMARTPH<\/td>\n<\/tr>\n<tr>\n<td align=\"right\"><strong style=\"font-weight: bold;\">MATERIAL<\/strong><\/td>\n<td>PL\u00c1STICO<\/td>\n<\/tr>\n<tr>\n<td align=\"right\"><strong style=\"font-weight: bold;\">MEDIDA<\/strong><\/td>\n<td>1.6 X 9.6 CM<\/td>\n<\/tr>\n<tr>\n<td align=\"right\"><strong style=\"font-weight: bold;\">AREA DE IMPRESI\u00d3N<\/strong><\/td>\n<td>0.9 X 3.8 CM<\/td>\n<\/tr>\n<tr>\n<td align=\"right\"><strong style=\"font-weight: bold;\">T\u00c9CNICA DE IMPRESI\u00d3N<\/strong><\/td>\n<td>SERIGRAF\u00cdA<\/td>\n<\/tr>\n<tr>\n<td align=\"right\"><strong style=\"font-weight: bold;\">CAPACIDAD<\/strong><\/td>\n<td>N\/A<\/td>\n<\/tr>\n<tr>\n<td align=\"right\"><strong style=\"font-weight: bold;\">COLORES<\/strong><\/td>\n<td>PLATA<\/td>\n<\/tr>\n<tr>\n<td align=\"right\"><strong style=\"font-weight: bold;\">PESO POR EMPAQUE<\/strong><\/td>\n<td>14 KGS.<\/td>\n<\/tr>\n<tr>\n<td align=\"right\"><strong style=\"font-weight: bold;\">MEDIDAS DE EMPAQUE<\/strong><\/td>\n<td>54.5 X 26 X 40 CM.<\/td>\n<\/tr>\n<tr>\n<td align=\"right\"><strong style=\"font-weight: bold;\">CANTIDAD POR EMPAQUE<\/strong><\/td>\n<td>1,000 PZA(S).<\/td>\n<\/tr>\n<\/tbody>\n<\/table>\n","protected":false},"excerpt":{"rendered":"<p><span style=\"color: #000000;\">APUNTADOR LITEN (TOUCH SCREEN CON L\u00c1MPARA Y L\u00c1SER. INCLUYE BATER\u00cdA.)<\/span><\/p>\n","protected":false},"featured_media":3273,"comment_status":"open","ping_status":"closed","template":"","meta":[],"product_cat":[156],"product_tag":[],"yoast_head":"<!-- This site is optimized with the Yoast SEO plugin v23.1 - https:\/\/yoast.com\/wordpress\/plugins\/seo\/ -->\n<title>APUNTADOR LITEN - Grabados VIP<\/title>\n<meta name=\"robots\" content=\"index, follow, max-snippet:-1, max-image-preview:large, max-video-preview:-1\" \/>\n<link rel=\"canonical\" href=\"https:\/\/www.grabadoslaservip.com\/mx\/tienda\/promocionales\/accesorios-smartphone\/apuntador-liten\/\" \/>\n<meta property=\"og:locale\" content=\"es_ES\" \/>\n<meta property=\"og:type\" content=\"article\" \/>\n<meta property=\"og:title\" content=\"APUNTADOR LITEN - Grabados VIP\" \/>\n<meta property=\"og:description\" content=\"APUNTADOR LITEN (TOUCH SCREEN CON L\u00c1MPARA Y L\u00c1SER. INCLUYE BATER\u00cdA.)\" \/>\n<meta property=\"og:url\" content=\"https:\/\/www.grabadoslaservip.com\/mx\/tienda\/promocionales\/accesorios-smartphone\/apuntador-liten\/\" \/>\n<meta property=\"og:site_name\" content=\"Grabados VIP\" \/>\n<meta property=\"og:image\" content=\"https:\/\/www.grabadoslaservip.com\/mx\/wp-content\/uploads\/2014\/07\/TCH-002_1.jpg\" \/>\n\t<meta property=\"og:image:width\" content=\"311\" \/>\n\t<meta property=\"og:image:height\" content=\"311\" \/>\n\t<meta property=\"og:image:type\" content=\"image\/jpeg\" \/>\n<script type=\"application\/ld+json\" class=\"yoast-schema-graph\">{\"@context\":\"https:\/\/schema.org\",\"@graph\":[{\"@type\":\"WebPage\",\"@id\":\"https:\/\/www.grabadoslaservip.com\/mx\/tienda\/promocionales\/accesorios-smartphone\/apuntador-liten\/\",\"url\":\"https:\/\/www.grabadoslaservip.com\/mx\/tienda\/promocionales\/accesorios-smartphone\/apuntador-liten\/\",\"name\":\"APUNTADOR LITEN - Grabados VIP\",\"isPartOf\":{\"@id\":\"https:\/\/www.grabadoslaservip.com\/mx\/#website\"},\"primaryImageOfPage\":{\"@id\":\"https:\/\/www.grabadoslaservip.com\/mx\/tienda\/promocionales\/accesorios-smartphone\/apuntador-liten\/#primaryimage\"},\"image\":{\"@id\":\"https:\/\/www.grabadoslaservip.com\/mx\/tienda\/promocionales\/accesorios-smartphone\/apuntador-liten\/#primaryimage\"},\"thumbnailUrl\":\"https:\/\/www.grabadoslaservip.com\/mx\/wp-content\/uploads\/2014\/07\/TCH-002_1.jpg\",\"datePublished\":\"2014-07-31T14:55:42+00:00\",\"dateModified\":\"2014-07-31T14:55:42+00:00\",\"breadcrumb\":{\"@id\":\"https:\/\/www.grabadoslaservip.com\/mx\/tienda\/promocionales\/accesorios-smartphone\/apuntador-liten\/#breadcrumb\"},\"inLanguage\":\"es\",\"potentialAction\":[{\"@type\":\"ReadAction\",\"target\":[\"https:\/\/www.grabadoslaservip.com\/mx\/tienda\/promocionales\/accesorios-smartphone\/apuntador-liten\/\"]}]},{\"@type\":\"ImageObject\",\"inLanguage\":\"es\",\"@id\":\"https:\/\/www.grabadoslaservip.com\/mx\/tienda\/promocionales\/accesorios-smartphone\/apuntador-liten\/#primaryimage\",\"url\":\"https:\/\/www.grabadoslaservip.com\/mx\/wp-content\/uploads\/2014\/07\/TCH-002_1.jpg\",\"contentUrl\":\"https:\/\/www.grabadoslaservip.com\/mx\/wp-content\/uploads\/2014\/07\/TCH-002_1.jpg\",\"width\":311,\"height\":311},{\"@type\":\"BreadcrumbList\",\"@id\":\"https:\/\/www.grabadoslaservip.com\/mx\/tienda\/promocionales\/accesorios-smartphone\/apuntador-liten\/#breadcrumb\",\"itemListElement\":[{\"@type\":\"ListItem\",\"position\":1,\"name\":\"Portada\",\"item\":\"https:\/\/www.grabadoslaservip.com\/mx\/\"},{\"@type\":\"ListItem\",\"position\":2,\"name\":\"Tienda\",\"item\":\"https:\/\/www.grabadoslaservip.com\/mx\/tienda\/\"},{\"@type\":\"ListItem\",\"position\":3,\"name\":\"APUNTADOR LITEN\"}]},{\"@type\":\"WebSite\",\"@id\":\"https:\/\/www.grabadoslaservip.com\/mx\/#website\",\"url\":\"https:\/\/www.grabadoslaservip.com\/mx\/\",\"name\":\"Grabados VIP\",\"description\":\"\",\"potentialAction\":[{\"@type\":\"SearchAction\",\"target\":{\"@type\":\"EntryPoint\",\"urlTemplate\":\"https:\/\/www.grabadoslaservip.com\/mx\/?s={search_term_string}\"},\"query-input\":\"required name=search_term_string\"}],\"inLanguage\":\"es\"}]}<\/script>\n<!-- \/ Yoast SEO plugin. -->","yoast_head_json":{"title":"APUNTADOR LITEN - Grabados VIP","robots":{"index":"index","follow":"follow","max-snippet":"max-snippet:-1","max-image-preview":"max-image-preview:large","max-video-preview":"max-video-preview:-1"},"canonical":"https:\/\/www.grabadoslaservip.com\/mx\/tienda\/promocionales\/accesorios-smartphone\/apuntador-liten\/","og_locale":"es_ES","og_type":"article","og_title":"APUNTADOR LITEN - Grabados VIP","og_description":"APUNTADOR LITEN (TOUCH SCREEN CON L\u00c1MPARA Y L\u00c1SER. INCLUYE BATER\u00cdA.)","og_url":"https:\/\/www.grabadoslaservip.com\/mx\/tienda\/promocionales\/accesorios-smartphone\/apuntador-liten\/","og_site_name":"Grabados VIP","og_image":[{"width":311,"height":311,"url":"https:\/\/www.grabadoslaservip.com\/mx\/wp-content\/uploads\/2014\/07\/TCH-002_1.jpg","type":"image\/jpeg"}],"schema":{"@context":"https:\/\/schema.org","@graph":[{"@type":"WebPage","@id":"https:\/\/www.grabadoslaservip.com\/mx\/tienda\/promocionales\/accesorios-smartphone\/apuntador-liten\/","url":"https:\/\/www.grabadoslaservip.com\/mx\/tienda\/promocionales\/accesorios-smartphone\/apuntador-liten\/","name":"APUNTADOR LITEN - Grabados VIP","isPartOf":{"@id":"https:\/\/www.grabadoslaservip.com\/mx\/#website"},"primaryImageOfPage":{"@id":"https:\/\/www.grabadoslaservip.com\/mx\/tienda\/promocionales\/accesorios-smartphone\/apuntador-liten\/#primaryimage"},"image":{"@id":"https:\/\/www.grabadoslaservip.com\/mx\/tienda\/promocionales\/accesorios-smartphone\/apuntador-liten\/#primaryimage"},"thumbnailUrl":"https:\/\/www.grabadoslaservip.com\/mx\/wp-content\/uploads\/2014\/07\/TCH-002_1.jpg","datePublished":"2014-07-31T14:55:42+00:00","dateModified":"2014-07-31T14:55:42+00:00","breadcrumb":{"@id":"https:\/\/www.grabadoslaservip.com\/mx\/tienda\/promocionales\/accesorios-smartphone\/apuntador-liten\/#breadcrumb"},"inLanguage":"es","potentialAction":[{"@type":"ReadAction","target":["https:\/\/www.grabadoslaservip.com\/mx\/tienda\/promocionales\/accesorios-smartphone\/apuntador-liten\/"]}]},{"@type":"ImageObject","inLanguage":"es","@id":"https:\/\/www.grabadoslaservip.com\/mx\/tienda\/promocionales\/accesorios-smartphone\/apuntador-liten\/#primaryimage","url":"https:\/\/www.grabadoslaservip.com\/mx\/wp-content\/uploads\/2014\/07\/TCH-002_1.jpg","contentUrl":"https:\/\/www.grabadoslaservip.com\/mx\/wp-content\/uploads\/2014\/07\/TCH-002_1.jpg","width":311,"height":311},{"@type":"BreadcrumbList","@id":"https:\/\/www.grabadoslaservip.com\/mx\/tienda\/promocionales\/accesorios-smartphone\/apuntador-liten\/#breadcrumb","itemListElement":[{"@type":"ListItem","position":1,"name":"Portada","item":"https:\/\/www.grabadoslaservip.com\/mx\/"},{"@type":"ListItem","position":2,"name":"Tienda","item":"https:\/\/www.grabadoslaservip.com\/mx\/tienda\/"},{"@type":"ListItem","position":3,"name":"APUNTADOR LITEN"}]},{"@type":"WebSite","@id":"https:\/\/www.grabadoslaservip.com\/mx\/#website","url":"https:\/\/www.grabadoslaservip.com\/mx\/","name":"Grabados VIP","description":"","potentialAction":[{"@type":"SearchAction","target":{"@type":"EntryPoint","urlTemplate":"https:\/\/www.grabadoslaservip.com\/mx\/?s={search_term_string}"},"query-input":"required name=search_term_string"}],"inLanguage":"es"}]}},"_links":{"self":[{"href":"https:\/\/www.grabadoslaservip.com\/mx\/wp-json\/wp\/v2\/product\/3272"}],"collection":[{"href":"https:\/\/www.grabadoslaservip.com\/mx\/wp-json\/wp\/v2\/product"}],"about":[{"href":"https:\/\/www.grabadoslaservip.com\/mx\/wp-json\/wp\/v2\/types\/product"}],"replies":[{"embeddable":true,"href":"https:\/\/www.grabadoslaservip.com\/mx\/wp-json\/wp\/v2\/comments?post=3272"}],"wp:featuredmedia":[{"embeddable":true,"href":"https:\/\/www.grabadoslaservip.com\/mx\/wp-json\/wp\/v2\/media\/3273"}],"wp:attachment":[{"href":"https:\/\/www.grabadoslaservip.com\/mx\/wp-json\/wp\/v2\/media?parent=3272"}],"wp:term":[{"taxonomy":"product_cat","embeddable":true,"href":"https:\/\/www.grabadoslaservip.com\/mx\/wp-json\/wp\/v2\/product_cat?post=3272"},{"taxonomy":"product_tag","embeddable":true,"href":"https:\/\/www.grabadoslaservip.com\/mx\/wp-json\/wp\/v2\/product_tag?post=3272"}],"curies":[{"name":"wp","href":"https:\/\/api.w.org\/{rel}","templated":true}]}}