{"id":7220,"date":"2014-09-05T14:36:46","date_gmt":"2014-09-05T20:36:46","guid":{"rendered":"http:\/\/www.importadorapromocional.com\/?post_type=product&#038;p=7220"},"modified":"2014-09-05T14:36:46","modified_gmt":"2014-09-05T20:36:46","slug":"mini-pinzas-quark","status":"publish","type":"product","link":"https:\/\/www.grabadoslaservip.com\/mx\/tienda\/promocionales\/herramientas\/mini-pinzas-quark\/","title":{"rendered":"MINI PINZAS QUARK"},"content":{"rendered":"<table class=\"table-hover table-responsive\" border=\"0\" width=\"100%\" cellpadding=\"1\">\n<thead>\n<tr>\n<td class=\"table-responsive\" colspan=\"2\" align=\"left\">\n<h6 style=\"color: inherit;\"><span style=\"font-weight: bold;\">Descripci\u00f3n:\u00a0<\/span>MINI PINZAS QUARK (Mini pinzas de 7 funciones, cuenta con l\u00e1mpara de 1 LED, navaja, desarmador de cruz, serrucho, destapador con punta de desarmador plano. Incluye funda y 3 bater\u00edas de bot\u00f3n y funda.)<\/h6>\n<\/td>\n<\/tr>\n<\/thead>\n<tbody>\n<tr>\n<td colspan=\"2\"><span style=\"font-weight: bold;\">INFORMACI\u00d3N BASICA<\/span><\/td>\n<\/tr>\n<tr>\n<td width=\"30%\">CATEGOR\u00cdA:<\/td>\n<td width=\"70%\">HERRAMIENTAS<\/td>\n<\/tr>\n<tr>\n<td width=\"30%\">MATERIAL:<\/td>\n<td width=\"70%\">Metal<\/td>\n<\/tr>\n<tr>\n<td>TAMA\u00d1O:<\/td>\n<td>3 x 6.8 cm<\/td>\n<\/tr>\n<tr>\n<td>COLORES:<\/td>\n<td>Plata<\/td>\n<\/tr>\n<tr>\n<td>CAPACIDAD:<\/td>\n<td>N\/A<\/td>\n<\/tr>\n<tr>\n<td colspan=\"2\"><span style=\"font-weight: bold;\">INFORMACI\u00d3N DE IMPRESI\u00d3N<\/span><\/td>\n<\/tr>\n<tr>\n<td>T\u00c9CNICA:<\/td>\n<td>L\u00e1ser \/ Pant\u00f3grafo<\/td>\n<\/tr>\n<tr>\n<td>AREA:<\/td>\n<td>0.5 x 1.5 cm<\/td>\n<\/tr>\n<tr>\n<td colspan=\"2\" align=\"left\"><span style=\"font-weight: bold;\">INFORMACI\u00d3N DE EMPAQUE<\/span><\/td>\n<\/tr>\n<tr>\n<td>MEDIDA:<\/td>\n<td>28.5 x 45 x 28 cm.<\/td>\n<\/tr>\n<tr>\n<td>PESO:<\/td>\n<td>18.00 kgs.<\/td>\n<\/tr>\n<tr>\n<td>CANTIDAD:<\/td>\n<td>200 pza(s).<\/td>\n<\/tr>\n<tr>\n<td>INDIVIDUAL BOX:<\/td>\n<\/tr>\n<\/tbody>\n<\/table>\n","protected":false},"excerpt":{"rendered":"<p><span style=\"font-weight: bold;\">Descripci\u00f3n:\u00a0<\/span>MINI PINZAS QUARK (Mini pinzas de 7 funciones, cuenta con l\u00e1mpara de 1 LED, navaja, desarmador de cruz, serrucho, destapador con punta de desarmador plano. Incluye funda y 3 bater\u00edas de bot\u00f3n y funda.)<\/p>\n","protected":false},"featured_media":7222,"comment_status":"open","ping_status":"closed","template":"","meta":[],"product_cat":[167],"product_tag":[],"yoast_head":"<!-- This site is optimized with the Yoast SEO plugin v23.1 - https:\/\/yoast.com\/wordpress\/plugins\/seo\/ -->\n<title>MINI PINZAS QUARK - Grabados VIP<\/title>\n<meta name=\"robots\" content=\"index, follow, max-snippet:-1, max-image-preview:large, max-video-preview:-1\" \/>\n<link rel=\"canonical\" href=\"https:\/\/www.grabadoslaservip.com\/mx\/tienda\/promocionales\/herramientas\/mini-pinzas-quark\/\" \/>\n<meta property=\"og:locale\" content=\"es_ES\" \/>\n<meta property=\"og:type\" content=\"article\" \/>\n<meta property=\"og:title\" content=\"MINI PINZAS QUARK - Grabados VIP\" \/>\n<meta property=\"og:description\" content=\"Descripci\u00f3n:\u00a0MINI PINZAS QUARK (Mini pinzas de 7 funciones, cuenta con l\u00e1mpara de 1 LED, navaja, desarmador de cruz, serrucho, destapador con punta de desarmador plano. Incluye funda y 3 bater\u00edas de bot\u00f3n y funda.)\" \/>\n<meta property=\"og:url\" content=\"https:\/\/www.grabadoslaservip.com\/mx\/tienda\/promocionales\/herramientas\/mini-pinzas-quark\/\" \/>\n<meta property=\"og:site_name\" content=\"Grabados VIP\" \/>\n<meta property=\"og:image\" content=\"https:\/\/www.grabadoslaservip.com\/mx\/wp-content\/uploads\/2014\/09\/HER-015-S.jpg\" \/>\n\t<meta property=\"og:image:width\" content=\"500\" \/>\n\t<meta property=\"og:image:height\" content=\"500\" \/>\n\t<meta property=\"og:image:type\" content=\"image\/jpeg\" \/>\n<script type=\"application\/ld+json\" class=\"yoast-schema-graph\">{\"@context\":\"https:\/\/schema.org\",\"@graph\":[{\"@type\":\"WebPage\",\"@id\":\"https:\/\/www.grabadoslaservip.com\/mx\/tienda\/promocionales\/herramientas\/mini-pinzas-quark\/\",\"url\":\"https:\/\/www.grabadoslaservip.com\/mx\/tienda\/promocionales\/herramientas\/mini-pinzas-quark\/\",\"name\":\"MINI PINZAS QUARK - Grabados VIP\",\"isPartOf\":{\"@id\":\"https:\/\/www.grabadoslaservip.com\/mx\/#website\"},\"primaryImageOfPage\":{\"@id\":\"https:\/\/www.grabadoslaservip.com\/mx\/tienda\/promocionales\/herramientas\/mini-pinzas-quark\/#primaryimage\"},\"image\":{\"@id\":\"https:\/\/www.grabadoslaservip.com\/mx\/tienda\/promocionales\/herramientas\/mini-pinzas-quark\/#primaryimage\"},\"thumbnailUrl\":\"https:\/\/www.grabadoslaservip.com\/mx\/wp-content\/uploads\/2014\/09\/HER-015-S.jpg\",\"datePublished\":\"2014-09-05T20:36:46+00:00\",\"dateModified\":\"2014-09-05T20:36:46+00:00\",\"breadcrumb\":{\"@id\":\"https:\/\/www.grabadoslaservip.com\/mx\/tienda\/promocionales\/herramientas\/mini-pinzas-quark\/#breadcrumb\"},\"inLanguage\":\"es\",\"potentialAction\":[{\"@type\":\"ReadAction\",\"target\":[\"https:\/\/www.grabadoslaservip.com\/mx\/tienda\/promocionales\/herramientas\/mini-pinzas-quark\/\"]}]},{\"@type\":\"ImageObject\",\"inLanguage\":\"es\",\"@id\":\"https:\/\/www.grabadoslaservip.com\/mx\/tienda\/promocionales\/herramientas\/mini-pinzas-quark\/#primaryimage\",\"url\":\"https:\/\/www.grabadoslaservip.com\/mx\/wp-content\/uploads\/2014\/09\/HER-015-S.jpg\",\"contentUrl\":\"https:\/\/www.grabadoslaservip.com\/mx\/wp-content\/uploads\/2014\/09\/HER-015-S.jpg\",\"width\":500,\"height\":500},{\"@type\":\"BreadcrumbList\",\"@id\":\"https:\/\/www.grabadoslaservip.com\/mx\/tienda\/promocionales\/herramientas\/mini-pinzas-quark\/#breadcrumb\",\"itemListElement\":[{\"@type\":\"ListItem\",\"position\":1,\"name\":\"Portada\",\"item\":\"https:\/\/www.grabadoslaservip.com\/mx\/\"},{\"@type\":\"ListItem\",\"position\":2,\"name\":\"Tienda\",\"item\":\"https:\/\/www.grabadoslaservip.com\/mx\/tienda\/\"},{\"@type\":\"ListItem\",\"position\":3,\"name\":\"MINI PINZAS QUARK\"}]},{\"@type\":\"WebSite\",\"@id\":\"https:\/\/www.grabadoslaservip.com\/mx\/#website\",\"url\":\"https:\/\/www.grabadoslaservip.com\/mx\/\",\"name\":\"Grabados VIP\",\"description\":\"\",\"potentialAction\":[{\"@type\":\"SearchAction\",\"target\":{\"@type\":\"EntryPoint\",\"urlTemplate\":\"https:\/\/www.grabadoslaservip.com\/mx\/?s={search_term_string}\"},\"query-input\":\"required name=search_term_string\"}],\"inLanguage\":\"es\"}]}<\/script>\n<!-- \/ Yoast SEO plugin. -->","yoast_head_json":{"title":"MINI PINZAS QUARK - Grabados VIP","robots":{"index":"index","follow":"follow","max-snippet":"max-snippet:-1","max-image-preview":"max-image-preview:large","max-video-preview":"max-video-preview:-1"},"canonical":"https:\/\/www.grabadoslaservip.com\/mx\/tienda\/promocionales\/herramientas\/mini-pinzas-quark\/","og_locale":"es_ES","og_type":"article","og_title":"MINI PINZAS QUARK - Grabados VIP","og_description":"Descripci\u00f3n:\u00a0MINI PINZAS QUARK (Mini pinzas de 7 funciones, cuenta con l\u00e1mpara de 1 LED, navaja, desarmador de cruz, serrucho, destapador con punta de desarmador plano. Incluye funda y 3 bater\u00edas de bot\u00f3n y funda.)","og_url":"https:\/\/www.grabadoslaservip.com\/mx\/tienda\/promocionales\/herramientas\/mini-pinzas-quark\/","og_site_name":"Grabados VIP","og_image":[{"width":500,"height":500,"url":"https:\/\/www.grabadoslaservip.com\/mx\/wp-content\/uploads\/2014\/09\/HER-015-S.jpg","type":"image\/jpeg"}],"schema":{"@context":"https:\/\/schema.org","@graph":[{"@type":"WebPage","@id":"https:\/\/www.grabadoslaservip.com\/mx\/tienda\/promocionales\/herramientas\/mini-pinzas-quark\/","url":"https:\/\/www.grabadoslaservip.com\/mx\/tienda\/promocionales\/herramientas\/mini-pinzas-quark\/","name":"MINI PINZAS QUARK - Grabados VIP","isPartOf":{"@id":"https:\/\/www.grabadoslaservip.com\/mx\/#website"},"primaryImageOfPage":{"@id":"https:\/\/www.grabadoslaservip.com\/mx\/tienda\/promocionales\/herramientas\/mini-pinzas-quark\/#primaryimage"},"image":{"@id":"https:\/\/www.grabadoslaservip.com\/mx\/tienda\/promocionales\/herramientas\/mini-pinzas-quark\/#primaryimage"},"thumbnailUrl":"https:\/\/www.grabadoslaservip.com\/mx\/wp-content\/uploads\/2014\/09\/HER-015-S.jpg","datePublished":"2014-09-05T20:36:46+00:00","dateModified":"2014-09-05T20:36:46+00:00","breadcrumb":{"@id":"https:\/\/www.grabadoslaservip.com\/mx\/tienda\/promocionales\/herramientas\/mini-pinzas-quark\/#breadcrumb"},"inLanguage":"es","potentialAction":[{"@type":"ReadAction","target":["https:\/\/www.grabadoslaservip.com\/mx\/tienda\/promocionales\/herramientas\/mini-pinzas-quark\/"]}]},{"@type":"ImageObject","inLanguage":"es","@id":"https:\/\/www.grabadoslaservip.com\/mx\/tienda\/promocionales\/herramientas\/mini-pinzas-quark\/#primaryimage","url":"https:\/\/www.grabadoslaservip.com\/mx\/wp-content\/uploads\/2014\/09\/HER-015-S.jpg","contentUrl":"https:\/\/www.grabadoslaservip.com\/mx\/wp-content\/uploads\/2014\/09\/HER-015-S.jpg","width":500,"height":500},{"@type":"BreadcrumbList","@id":"https:\/\/www.grabadoslaservip.com\/mx\/tienda\/promocionales\/herramientas\/mini-pinzas-quark\/#breadcrumb","itemListElement":[{"@type":"ListItem","position":1,"name":"Portada","item":"https:\/\/www.grabadoslaservip.com\/mx\/"},{"@type":"ListItem","position":2,"name":"Tienda","item":"https:\/\/www.grabadoslaservip.com\/mx\/tienda\/"},{"@type":"ListItem","position":3,"name":"MINI PINZAS QUARK"}]},{"@type":"WebSite","@id":"https:\/\/www.grabadoslaservip.com\/mx\/#website","url":"https:\/\/www.grabadoslaservip.com\/mx\/","name":"Grabados VIP","description":"","potentialAction":[{"@type":"SearchAction","target":{"@type":"EntryPoint","urlTemplate":"https:\/\/www.grabadoslaservip.com\/mx\/?s={search_term_string}"},"query-input":"required name=search_term_string"}],"inLanguage":"es"}]}},"_links":{"self":[{"href":"https:\/\/www.grabadoslaservip.com\/mx\/wp-json\/wp\/v2\/product\/7220"}],"collection":[{"href":"https:\/\/www.grabadoslaservip.com\/mx\/wp-json\/wp\/v2\/product"}],"about":[{"href":"https:\/\/www.grabadoslaservip.com\/mx\/wp-json\/wp\/v2\/types\/product"}],"replies":[{"embeddable":true,"href":"https:\/\/www.grabadoslaservip.com\/mx\/wp-json\/wp\/v2\/comments?post=7220"}],"wp:featuredmedia":[{"embeddable":true,"href":"https:\/\/www.grabadoslaservip.com\/mx\/wp-json\/wp\/v2\/media\/7222"}],"wp:attachment":[{"href":"https:\/\/www.grabadoslaservip.com\/mx\/wp-json\/wp\/v2\/media?parent=7220"}],"wp:term":[{"taxonomy":"product_cat","embeddable":true,"href":"https:\/\/www.grabadoslaservip.com\/mx\/wp-json\/wp\/v2\/product_cat?post=7220"},{"taxonomy":"product_tag","embeddable":true,"href":"https:\/\/www.grabadoslaservip.com\/mx\/wp-json\/wp\/v2\/product_tag?post=7220"}],"curies":[{"name":"wp","href":"https:\/\/api.w.org\/{rel}","templated":true}]}}