{"id":8411,"date":"2016-07-05T10:05:10","date_gmt":"2016-07-05T15:05:10","guid":{"rendered":"http:\/\/www.importadorapromocional.com\/?post_type=product&#038;p=8411"},"modified":"2016-07-05T10:15:41","modified_gmt":"2016-07-05T15:15:41","slug":"usb-zeya-8gb","status":"publish","type":"product","link":"https:\/\/www.grabadoslaservip.com\/mx\/tienda\/promocionales\/memorias-usb\/usb-zeya-8gb\/","title":{"rendered":"USB ZEYA 8GB"},"content":{"rendered":"<table class=\"table-hover table-responsive\" border=\"0\" width=\"100%\" cellpadding=\"1\">\n<thead>\n<tr>\n<td class=\"table-responsive\" colspan=\"2\" align=\"left\">\n<h6 style=\"color: inherit;\">USB ZEYA<\/h6>\n<h6 style=\"color: inherit;\"><span style=\"font-weight: bold;\">Descripci\u00f3n:\u00a0<\/span>USB ZEYA<\/h6>\n<\/td>\n<\/tr>\n<\/thead>\n<tbody>\n<tr>\n<td colspan=\"2\"><span style=\"font-weight: bold;\">INFORMACI\u00d3N BASICA<\/span><\/td>\n<\/tr>\n<tr>\n<td width=\"30%\">CATEGOR\u00cdA:<\/td>\n<td width=\"70%\">USB<\/td>\n<\/tr>\n<tr>\n<td width=\"30%\">MATERIAL:<\/td>\n<td width=\"70%\">PVC<\/td>\n<\/tr>\n<tr>\n<td>TAMA\u00d1O:<\/td>\n<td>2.2 x 6.5 cm<\/td>\n<\/tr>\n<tr>\n<td>COLORES:<\/td>\n<td>A\/N\/O\/R\/V\/Y<\/td>\n<\/tr>\n<tr>\n<td>CAPACIDAD:<\/td>\n<td>8 GB<\/td>\n<\/tr>\n<tr>\n<td colspan=\"2\"><span style=\"font-weight: bold;\">INFORMACI\u00d3N DE IMPRESI\u00d3N<\/span><\/td>\n<\/tr>\n<tr>\n<td>T\u00c9CNICA:<\/td>\n<td>Serigraf\u00eda<\/td>\n<\/tr>\n<tr>\n<td>AREA:<\/td>\n<td>1 x 2.5 cm<\/td>\n<\/tr>\n<tr>\n<td colspan=\"2\" align=\"left\"><span style=\"font-weight: bold;\">INFORMACI\u00d3N DE EMPAQUE<\/span><\/td>\n<\/tr>\n<tr>\n<td>MEDIDA:<\/td>\n<td>0 x 0 x 0 cm.<\/td>\n<\/tr>\n<tr>\n<td>PESO:<\/td>\n<td>0.00 kgs.<\/td>\n<\/tr>\n<tr>\n<td>CANTIDAD:<\/td>\n<td>1 pza(s).<\/td>\n<\/tr>\n<tr>\n<td>INDIVIDUAL BOX:<\/td>\n<td>0<\/td>\n<\/tr>\n<\/tbody>\n<\/table>\n","protected":false},"excerpt":{"rendered":"<p>USB ZEYA Descripci\u00f3n:\u00a0USB ZEYA INFORMACI\u00d3N BASICA CATEGOR\u00cdA: USB MATERIAL: PVC TAMA\u00d1O: 2.2 x 6.5 cm COLORES: A\/N\/O\/R\/V\/Y CAPACIDAD: 8 GB INFORMACI\u00d3N DE IMPRESI\u00d3N T\u00c9CNICA: Serigraf\u00eda AREA: 1 x 2.5 cm INFORMACI\u00d3N DE EMPAQUE MEDIDA: 0 x 0 x 0 cm. PESO: 0.00 kgs. CANTIDAD: 1 pza(s). INDIVIDUAL BOX: 0<\/p>\n","protected":false},"featured_media":8412,"comment_status":"open","ping_status":"closed","template":"","meta":[],"product_cat":[148],"product_tag":[],"yoast_head":"<!-- This site is optimized with the Yoast SEO plugin v23.1 - https:\/\/yoast.com\/wordpress\/plugins\/seo\/ -->\n<title>USB ZEYA 8GB - Grabados VIP<\/title>\n<meta name=\"robots\" content=\"index, follow, max-snippet:-1, max-image-preview:large, max-video-preview:-1\" \/>\n<link rel=\"canonical\" href=\"https:\/\/www.grabadoslaservip.com\/mx\/tienda\/promocionales\/memorias-usb\/usb-zeya-8gb\/\" \/>\n<meta property=\"og:locale\" content=\"es_ES\" \/>\n<meta property=\"og:type\" content=\"article\" \/>\n<meta property=\"og:title\" content=\"USB ZEYA 8GB - Grabados VIP\" \/>\n<meta property=\"og:description\" content=\"USB ZEYA Descripci\u00f3n:\u00a0USB ZEYA INFORMACI\u00d3N BASICA CATEGOR\u00cdA: USB MATERIAL: PVC TAMA\u00d1O: 2.2 x 6.5 cm COLORES: A\/N\/O\/R\/V\/Y CAPACIDAD: 8 GB INFORMACI\u00d3N DE IMPRESI\u00d3N T\u00c9CNICA: Serigraf\u00eda AREA: 1 x 2.5 cm INFORMACI\u00d3N DE EMPAQUE MEDIDA: 0 x 0 x 0 cm. PESO: 0.00 kgs. CANTIDAD: 1 pza(s). INDIVIDUAL BOX: 0\" \/>\n<meta property=\"og:url\" content=\"https:\/\/www.grabadoslaservip.com\/mx\/tienda\/promocionales\/memorias-usb\/usb-zeya-8gb\/\" \/>\n<meta property=\"og:site_name\" content=\"Grabados VIP\" \/>\n<meta property=\"article:modified_time\" content=\"2016-07-05T15:15:41+00:00\" \/>\n<meta property=\"og:image\" content=\"https:\/\/www.grabadoslaservip.com\/mx\/wp-content\/uploads\/2016\/07\/USB-070-A.jpg\" \/>\n\t<meta property=\"og:image:width\" content=\"500\" \/>\n\t<meta property=\"og:image:height\" content=\"500\" \/>\n\t<meta property=\"og:image:type\" content=\"image\/jpeg\" \/>\n<script type=\"application\/ld+json\" class=\"yoast-schema-graph\">{\"@context\":\"https:\/\/schema.org\",\"@graph\":[{\"@type\":\"WebPage\",\"@id\":\"https:\/\/www.grabadoslaservip.com\/mx\/tienda\/promocionales\/memorias-usb\/usb-zeya-8gb\/\",\"url\":\"https:\/\/www.grabadoslaservip.com\/mx\/tienda\/promocionales\/memorias-usb\/usb-zeya-8gb\/\",\"name\":\"USB ZEYA 8GB - Grabados VIP\",\"isPartOf\":{\"@id\":\"https:\/\/www.grabadoslaservip.com\/mx\/#website\"},\"primaryImageOfPage\":{\"@id\":\"https:\/\/www.grabadoslaservip.com\/mx\/tienda\/promocionales\/memorias-usb\/usb-zeya-8gb\/#primaryimage\"},\"image\":{\"@id\":\"https:\/\/www.grabadoslaservip.com\/mx\/tienda\/promocionales\/memorias-usb\/usb-zeya-8gb\/#primaryimage\"},\"thumbnailUrl\":\"https:\/\/www.grabadoslaservip.com\/mx\/wp-content\/uploads\/2016\/07\/USB-070-A.jpg\",\"datePublished\":\"2016-07-05T15:05:10+00:00\",\"dateModified\":\"2016-07-05T15:15:41+00:00\",\"breadcrumb\":{\"@id\":\"https:\/\/www.grabadoslaservip.com\/mx\/tienda\/promocionales\/memorias-usb\/usb-zeya-8gb\/#breadcrumb\"},\"inLanguage\":\"es\",\"potentialAction\":[{\"@type\":\"ReadAction\",\"target\":[\"https:\/\/www.grabadoslaservip.com\/mx\/tienda\/promocionales\/memorias-usb\/usb-zeya-8gb\/\"]}]},{\"@type\":\"ImageObject\",\"inLanguage\":\"es\",\"@id\":\"https:\/\/www.grabadoslaservip.com\/mx\/tienda\/promocionales\/memorias-usb\/usb-zeya-8gb\/#primaryimage\",\"url\":\"https:\/\/www.grabadoslaservip.com\/mx\/wp-content\/uploads\/2016\/07\/USB-070-A.jpg\",\"contentUrl\":\"https:\/\/www.grabadoslaservip.com\/mx\/wp-content\/uploads\/2016\/07\/USB-070-A.jpg\",\"width\":500,\"height\":500},{\"@type\":\"BreadcrumbList\",\"@id\":\"https:\/\/www.grabadoslaservip.com\/mx\/tienda\/promocionales\/memorias-usb\/usb-zeya-8gb\/#breadcrumb\",\"itemListElement\":[{\"@type\":\"ListItem\",\"position\":1,\"name\":\"Portada\",\"item\":\"https:\/\/www.grabadoslaservip.com\/mx\/\"},{\"@type\":\"ListItem\",\"position\":2,\"name\":\"Tienda\",\"item\":\"https:\/\/www.grabadoslaservip.com\/mx\/tienda\/\"},{\"@type\":\"ListItem\",\"position\":3,\"name\":\"USB ZEYA 8GB\"}]},{\"@type\":\"WebSite\",\"@id\":\"https:\/\/www.grabadoslaservip.com\/mx\/#website\",\"url\":\"https:\/\/www.grabadoslaservip.com\/mx\/\",\"name\":\"Grabados VIP\",\"description\":\"\",\"potentialAction\":[{\"@type\":\"SearchAction\",\"target\":{\"@type\":\"EntryPoint\",\"urlTemplate\":\"https:\/\/www.grabadoslaservip.com\/mx\/?s={search_term_string}\"},\"query-input\":\"required name=search_term_string\"}],\"inLanguage\":\"es\"}]}<\/script>\n<!-- \/ Yoast SEO plugin. -->","yoast_head_json":{"title":"USB ZEYA 8GB - Grabados VIP","robots":{"index":"index","follow":"follow","max-snippet":"max-snippet:-1","max-image-preview":"max-image-preview:large","max-video-preview":"max-video-preview:-1"},"canonical":"https:\/\/www.grabadoslaservip.com\/mx\/tienda\/promocionales\/memorias-usb\/usb-zeya-8gb\/","og_locale":"es_ES","og_type":"article","og_title":"USB ZEYA 8GB - Grabados VIP","og_description":"USB ZEYA Descripci\u00f3n:\u00a0USB ZEYA INFORMACI\u00d3N BASICA CATEGOR\u00cdA: USB MATERIAL: PVC TAMA\u00d1O: 2.2 x 6.5 cm COLORES: A\/N\/O\/R\/V\/Y CAPACIDAD: 8 GB INFORMACI\u00d3N DE IMPRESI\u00d3N T\u00c9CNICA: Serigraf\u00eda AREA: 1 x 2.5 cm INFORMACI\u00d3N DE EMPAQUE MEDIDA: 0 x 0 x 0 cm. PESO: 0.00 kgs. CANTIDAD: 1 pza(s). INDIVIDUAL BOX: 0","og_url":"https:\/\/www.grabadoslaservip.com\/mx\/tienda\/promocionales\/memorias-usb\/usb-zeya-8gb\/","og_site_name":"Grabados VIP","article_modified_time":"2016-07-05T15:15:41+00:00","og_image":[{"width":500,"height":500,"url":"https:\/\/www.grabadoslaservip.com\/mx\/wp-content\/uploads\/2016\/07\/USB-070-A.jpg","type":"image\/jpeg"}],"schema":{"@context":"https:\/\/schema.org","@graph":[{"@type":"WebPage","@id":"https:\/\/www.grabadoslaservip.com\/mx\/tienda\/promocionales\/memorias-usb\/usb-zeya-8gb\/","url":"https:\/\/www.grabadoslaservip.com\/mx\/tienda\/promocionales\/memorias-usb\/usb-zeya-8gb\/","name":"USB ZEYA 8GB - Grabados VIP","isPartOf":{"@id":"https:\/\/www.grabadoslaservip.com\/mx\/#website"},"primaryImageOfPage":{"@id":"https:\/\/www.grabadoslaservip.com\/mx\/tienda\/promocionales\/memorias-usb\/usb-zeya-8gb\/#primaryimage"},"image":{"@id":"https:\/\/www.grabadoslaservip.com\/mx\/tienda\/promocionales\/memorias-usb\/usb-zeya-8gb\/#primaryimage"},"thumbnailUrl":"https:\/\/www.grabadoslaservip.com\/mx\/wp-content\/uploads\/2016\/07\/USB-070-A.jpg","datePublished":"2016-07-05T15:05:10+00:00","dateModified":"2016-07-05T15:15:41+00:00","breadcrumb":{"@id":"https:\/\/www.grabadoslaservip.com\/mx\/tienda\/promocionales\/memorias-usb\/usb-zeya-8gb\/#breadcrumb"},"inLanguage":"es","potentialAction":[{"@type":"ReadAction","target":["https:\/\/www.grabadoslaservip.com\/mx\/tienda\/promocionales\/memorias-usb\/usb-zeya-8gb\/"]}]},{"@type":"ImageObject","inLanguage":"es","@id":"https:\/\/www.grabadoslaservip.com\/mx\/tienda\/promocionales\/memorias-usb\/usb-zeya-8gb\/#primaryimage","url":"https:\/\/www.grabadoslaservip.com\/mx\/wp-content\/uploads\/2016\/07\/USB-070-A.jpg","contentUrl":"https:\/\/www.grabadoslaservip.com\/mx\/wp-content\/uploads\/2016\/07\/USB-070-A.jpg","width":500,"height":500},{"@type":"BreadcrumbList","@id":"https:\/\/www.grabadoslaservip.com\/mx\/tienda\/promocionales\/memorias-usb\/usb-zeya-8gb\/#breadcrumb","itemListElement":[{"@type":"ListItem","position":1,"name":"Portada","item":"https:\/\/www.grabadoslaservip.com\/mx\/"},{"@type":"ListItem","position":2,"name":"Tienda","item":"https:\/\/www.grabadoslaservip.com\/mx\/tienda\/"},{"@type":"ListItem","position":3,"name":"USB ZEYA 8GB"}]},{"@type":"WebSite","@id":"https:\/\/www.grabadoslaservip.com\/mx\/#website","url":"https:\/\/www.grabadoslaservip.com\/mx\/","name":"Grabados VIP","description":"","potentialAction":[{"@type":"SearchAction","target":{"@type":"EntryPoint","urlTemplate":"https:\/\/www.grabadoslaservip.com\/mx\/?s={search_term_string}"},"query-input":"required name=search_term_string"}],"inLanguage":"es"}]}},"_links":{"self":[{"href":"https:\/\/www.grabadoslaservip.com\/mx\/wp-json\/wp\/v2\/product\/8411"}],"collection":[{"href":"https:\/\/www.grabadoslaservip.com\/mx\/wp-json\/wp\/v2\/product"}],"about":[{"href":"https:\/\/www.grabadoslaservip.com\/mx\/wp-json\/wp\/v2\/types\/product"}],"replies":[{"embeddable":true,"href":"https:\/\/www.grabadoslaservip.com\/mx\/wp-json\/wp\/v2\/comments?post=8411"}],"wp:featuredmedia":[{"embeddable":true,"href":"https:\/\/www.grabadoslaservip.com\/mx\/wp-json\/wp\/v2\/media\/8412"}],"wp:attachment":[{"href":"https:\/\/www.grabadoslaservip.com\/mx\/wp-json\/wp\/v2\/media?parent=8411"}],"wp:term":[{"taxonomy":"product_cat","embeddable":true,"href":"https:\/\/www.grabadoslaservip.com\/mx\/wp-json\/wp\/v2\/product_cat?post=8411"},{"taxonomy":"product_tag","embeddable":true,"href":"https:\/\/www.grabadoslaservip.com\/mx\/wp-json\/wp\/v2\/product_tag?post=8411"}],"curies":[{"name":"wp","href":"https:\/\/api.w.org\/{rel}","templated":true}]}}