{"id":8418,"date":"2016-07-05T10:09:32","date_gmt":"2016-07-05T15:09:32","guid":{"rendered":"http:\/\/www.importadorapromocional.com\/?post_type=product&#038;p=8418"},"modified":"2016-07-05T10:16:51","modified_gmt":"2016-07-05T15:16:51","slug":"usb-greiz","status":"publish","type":"product","link":"https:\/\/www.grabadoslaservip.com\/mx\/tienda\/promocionales\/memorias-usb\/usb-greiz\/","title":{"rendered":"USB GREIZ"},"content":{"rendered":"<div class=\"col-md-5\">\n<table class=\"table-hover table-responsive\" border=\"0\" width=\"100%\" cellpadding=\"1\">\n<thead>\n<tr>\n<td class=\"table-responsive\" colspan=\"2\" align=\"left\">\n<h6 style=\"color: inherit;\">USB GREIZ<\/h6>\n<h6 style=\"color: inherit;\"><span style=\"font-weight: bold;\">Descripci\u00f3n:\u00a0<\/span>USB GREIZ (Incluye caja individual.)<\/h6>\n<\/td>\n<\/tr>\n<\/thead>\n<tbody>\n<tr>\n<td colspan=\"2\"><span style=\"font-weight: bold;\">INFORMACI\u00d3N BASICA<\/span><\/td>\n<\/tr>\n<tr>\n<td width=\"30%\">CATEGOR\u00cdA:<\/td>\n<td width=\"70%\">USB<\/td>\n<\/tr>\n<tr>\n<td width=\"30%\">MATERIAL:<\/td>\n<td width=\"70%\">Pl\u00e1stico<\/td>\n<\/tr>\n<tr>\n<td>TAMA\u00d1O:<\/td>\n<td>2.1 x 6.5 cm<\/td>\n<\/tr>\n<tr>\n<td>COLORES:<\/td>\n<td>A\/B\/N<\/td>\n<\/tr>\n<tr>\n<td>CAPACIDAD:<\/td>\n<td>8 GB<\/td>\n<\/tr>\n<tr>\n<td colspan=\"2\"><span style=\"font-weight: bold;\">INFORMACI\u00d3N DE IMPRESI\u00d3N<\/span><\/td>\n<\/tr>\n<tr>\n<td>T\u00c9CNICA:<\/td>\n<td>Serigraf\u00eda<\/td>\n<\/tr>\n<tr>\n<td>AREA:<\/td>\n<td>1.2 x 3 cm<\/td>\n<\/tr>\n<tr>\n<td colspan=\"2\" align=\"left\"><span style=\"font-weight: bold;\">INFORMACI\u00d3N DE EMPAQUE<\/span><\/td>\n<\/tr>\n<tr>\n<td>MEDIDA:<\/td>\n<td>23 x 24 x 23 cm.<\/td>\n<\/tr>\n<tr>\n<td>PESO:<\/td>\n<td>3.00 kgs.<\/td>\n<\/tr>\n<tr>\n<td>CANTIDAD:<\/td>\n<td>500 pza(s).<\/td>\n<\/tr>\n<tr>\n<td>INDIVIDUAL BOX:<\/td>\n<td>0<\/td>\n<\/tr>\n<\/tbody>\n<\/table>\n<\/div>\n<div class=\"col-md-12\">\n<address class=\"text-justify\">\u00a0<\/address>\n<\/div>\n","protected":false},"excerpt":{"rendered":"<p>USB GREIZ Descripci\u00f3n:\u00a0USB GREIZ (Incluye caja individual.) INFORMACI\u00d3N BASICA CATEGOR\u00cdA: USB MATERIAL: Pl\u00e1stico TAMA\u00d1O: 2.1 x 6.5 cm COLORES: A\/B\/N CAPACIDAD: 8 GB INFORMACI\u00d3N DE IMPRESI\u00d3N T\u00c9CNICA: Serigraf\u00eda AREA: 1.2 x 3 cm INFORMACI\u00d3N DE EMPAQUE MEDIDA: 23 x 24 x 23 cm. PESO: 3.00 kgs. CANTIDAD: 500 pza(s). INDIVIDUAL BOX: 0 \u00a0<\/p>\n","protected":false},"featured_media":8419,"comment_status":"open","ping_status":"closed","template":"","meta":[],"product_cat":[148],"product_tag":[],"yoast_head":"<!-- This site is optimized with the Yoast SEO plugin v23.1 - https:\/\/yoast.com\/wordpress\/plugins\/seo\/ -->\n<title>USB GREIZ  - Grabados VIP<\/title>\n<meta name=\"robots\" content=\"index, follow, max-snippet:-1, max-image-preview:large, max-video-preview:-1\" \/>\n<link rel=\"canonical\" href=\"https:\/\/www.grabadoslaservip.com\/mx\/tienda\/promocionales\/memorias-usb\/usb-greiz\/\" \/>\n<meta property=\"og:locale\" content=\"es_ES\" \/>\n<meta property=\"og:type\" content=\"article\" \/>\n<meta property=\"og:title\" content=\"USB GREIZ  - Grabados VIP\" \/>\n<meta property=\"og:description\" content=\"USB GREIZ Descripci\u00f3n:\u00a0USB GREIZ (Incluye caja individual.) INFORMACI\u00d3N BASICA CATEGOR\u00cdA: USB MATERIAL: Pl\u00e1stico TAMA\u00d1O: 2.1 x 6.5 cm COLORES: A\/B\/N CAPACIDAD: 8 GB INFORMACI\u00d3N DE IMPRESI\u00d3N T\u00c9CNICA: Serigraf\u00eda AREA: 1.2 x 3 cm INFORMACI\u00d3N DE EMPAQUE MEDIDA: 23 x 24 x 23 cm. PESO: 3.00 kgs. CANTIDAD: 500 pza(s). INDIVIDUAL BOX: 0 \u00a0\" \/>\n<meta property=\"og:url\" content=\"https:\/\/www.grabadoslaservip.com\/mx\/tienda\/promocionales\/memorias-usb\/usb-greiz\/\" \/>\n<meta property=\"og:site_name\" content=\"Grabados VIP\" \/>\n<meta property=\"article:modified_time\" content=\"2016-07-05T15:16:51+00:00\" \/>\n<meta property=\"og:image\" content=\"https:\/\/www.grabadoslaservip.com\/mx\/wp-content\/uploads\/2016\/07\/USB-040-A.jpg\" \/>\n\t<meta property=\"og:image:width\" content=\"500\" \/>\n\t<meta property=\"og:image:height\" content=\"500\" \/>\n\t<meta property=\"og:image:type\" content=\"image\/jpeg\" \/>\n<script type=\"application\/ld+json\" class=\"yoast-schema-graph\">{\"@context\":\"https:\/\/schema.org\",\"@graph\":[{\"@type\":\"WebPage\",\"@id\":\"https:\/\/www.grabadoslaservip.com\/mx\/tienda\/promocionales\/memorias-usb\/usb-greiz\/\",\"url\":\"https:\/\/www.grabadoslaservip.com\/mx\/tienda\/promocionales\/memorias-usb\/usb-greiz\/\",\"name\":\"USB GREIZ - Grabados VIP\",\"isPartOf\":{\"@id\":\"https:\/\/www.grabadoslaservip.com\/mx\/#website\"},\"primaryImageOfPage\":{\"@id\":\"https:\/\/www.grabadoslaservip.com\/mx\/tienda\/promocionales\/memorias-usb\/usb-greiz\/#primaryimage\"},\"image\":{\"@id\":\"https:\/\/www.grabadoslaservip.com\/mx\/tienda\/promocionales\/memorias-usb\/usb-greiz\/#primaryimage\"},\"thumbnailUrl\":\"https:\/\/www.grabadoslaservip.com\/mx\/wp-content\/uploads\/2016\/07\/USB-040-A.jpg\",\"datePublished\":\"2016-07-05T15:09:32+00:00\",\"dateModified\":\"2016-07-05T15:16:51+00:00\",\"breadcrumb\":{\"@id\":\"https:\/\/www.grabadoslaservip.com\/mx\/tienda\/promocionales\/memorias-usb\/usb-greiz\/#breadcrumb\"},\"inLanguage\":\"es\",\"potentialAction\":[{\"@type\":\"ReadAction\",\"target\":[\"https:\/\/www.grabadoslaservip.com\/mx\/tienda\/promocionales\/memorias-usb\/usb-greiz\/\"]}]},{\"@type\":\"ImageObject\",\"inLanguage\":\"es\",\"@id\":\"https:\/\/www.grabadoslaservip.com\/mx\/tienda\/promocionales\/memorias-usb\/usb-greiz\/#primaryimage\",\"url\":\"https:\/\/www.grabadoslaservip.com\/mx\/wp-content\/uploads\/2016\/07\/USB-040-A.jpg\",\"contentUrl\":\"https:\/\/www.grabadoslaservip.com\/mx\/wp-content\/uploads\/2016\/07\/USB-040-A.jpg\",\"width\":500,\"height\":500},{\"@type\":\"BreadcrumbList\",\"@id\":\"https:\/\/www.grabadoslaservip.com\/mx\/tienda\/promocionales\/memorias-usb\/usb-greiz\/#breadcrumb\",\"itemListElement\":[{\"@type\":\"ListItem\",\"position\":1,\"name\":\"Portada\",\"item\":\"https:\/\/www.grabadoslaservip.com\/mx\/\"},{\"@type\":\"ListItem\",\"position\":2,\"name\":\"Tienda\",\"item\":\"https:\/\/www.grabadoslaservip.com\/mx\/tienda\/\"},{\"@type\":\"ListItem\",\"position\":3,\"name\":\"USB GREIZ\"}]},{\"@type\":\"WebSite\",\"@id\":\"https:\/\/www.grabadoslaservip.com\/mx\/#website\",\"url\":\"https:\/\/www.grabadoslaservip.com\/mx\/\",\"name\":\"Grabados VIP\",\"description\":\"\",\"potentialAction\":[{\"@type\":\"SearchAction\",\"target\":{\"@type\":\"EntryPoint\",\"urlTemplate\":\"https:\/\/www.grabadoslaservip.com\/mx\/?s={search_term_string}\"},\"query-input\":\"required name=search_term_string\"}],\"inLanguage\":\"es\"}]}<\/script>\n<!-- \/ Yoast SEO plugin. -->","yoast_head_json":{"title":"USB GREIZ  - Grabados VIP","robots":{"index":"index","follow":"follow","max-snippet":"max-snippet:-1","max-image-preview":"max-image-preview:large","max-video-preview":"max-video-preview:-1"},"canonical":"https:\/\/www.grabadoslaservip.com\/mx\/tienda\/promocionales\/memorias-usb\/usb-greiz\/","og_locale":"es_ES","og_type":"article","og_title":"USB GREIZ  - Grabados VIP","og_description":"USB GREIZ Descripci\u00f3n:\u00a0USB GREIZ (Incluye caja individual.) INFORMACI\u00d3N BASICA CATEGOR\u00cdA: USB MATERIAL: Pl\u00e1stico TAMA\u00d1O: 2.1 x 6.5 cm COLORES: A\/B\/N CAPACIDAD: 8 GB INFORMACI\u00d3N DE IMPRESI\u00d3N T\u00c9CNICA: Serigraf\u00eda AREA: 1.2 x 3 cm INFORMACI\u00d3N DE EMPAQUE MEDIDA: 23 x 24 x 23 cm. PESO: 3.00 kgs. CANTIDAD: 500 pza(s). INDIVIDUAL BOX: 0 \u00a0","og_url":"https:\/\/www.grabadoslaservip.com\/mx\/tienda\/promocionales\/memorias-usb\/usb-greiz\/","og_site_name":"Grabados VIP","article_modified_time":"2016-07-05T15:16:51+00:00","og_image":[{"width":500,"height":500,"url":"https:\/\/www.grabadoslaservip.com\/mx\/wp-content\/uploads\/2016\/07\/USB-040-A.jpg","type":"image\/jpeg"}],"schema":{"@context":"https:\/\/schema.org","@graph":[{"@type":"WebPage","@id":"https:\/\/www.grabadoslaservip.com\/mx\/tienda\/promocionales\/memorias-usb\/usb-greiz\/","url":"https:\/\/www.grabadoslaservip.com\/mx\/tienda\/promocionales\/memorias-usb\/usb-greiz\/","name":"USB GREIZ - Grabados VIP","isPartOf":{"@id":"https:\/\/www.grabadoslaservip.com\/mx\/#website"},"primaryImageOfPage":{"@id":"https:\/\/www.grabadoslaservip.com\/mx\/tienda\/promocionales\/memorias-usb\/usb-greiz\/#primaryimage"},"image":{"@id":"https:\/\/www.grabadoslaservip.com\/mx\/tienda\/promocionales\/memorias-usb\/usb-greiz\/#primaryimage"},"thumbnailUrl":"https:\/\/www.grabadoslaservip.com\/mx\/wp-content\/uploads\/2016\/07\/USB-040-A.jpg","datePublished":"2016-07-05T15:09:32+00:00","dateModified":"2016-07-05T15:16:51+00:00","breadcrumb":{"@id":"https:\/\/www.grabadoslaservip.com\/mx\/tienda\/promocionales\/memorias-usb\/usb-greiz\/#breadcrumb"},"inLanguage":"es","potentialAction":[{"@type":"ReadAction","target":["https:\/\/www.grabadoslaservip.com\/mx\/tienda\/promocionales\/memorias-usb\/usb-greiz\/"]}]},{"@type":"ImageObject","inLanguage":"es","@id":"https:\/\/www.grabadoslaservip.com\/mx\/tienda\/promocionales\/memorias-usb\/usb-greiz\/#primaryimage","url":"https:\/\/www.grabadoslaservip.com\/mx\/wp-content\/uploads\/2016\/07\/USB-040-A.jpg","contentUrl":"https:\/\/www.grabadoslaservip.com\/mx\/wp-content\/uploads\/2016\/07\/USB-040-A.jpg","width":500,"height":500},{"@type":"BreadcrumbList","@id":"https:\/\/www.grabadoslaservip.com\/mx\/tienda\/promocionales\/memorias-usb\/usb-greiz\/#breadcrumb","itemListElement":[{"@type":"ListItem","position":1,"name":"Portada","item":"https:\/\/www.grabadoslaservip.com\/mx\/"},{"@type":"ListItem","position":2,"name":"Tienda","item":"https:\/\/www.grabadoslaservip.com\/mx\/tienda\/"},{"@type":"ListItem","position":3,"name":"USB GREIZ"}]},{"@type":"WebSite","@id":"https:\/\/www.grabadoslaservip.com\/mx\/#website","url":"https:\/\/www.grabadoslaservip.com\/mx\/","name":"Grabados VIP","description":"","potentialAction":[{"@type":"SearchAction","target":{"@type":"EntryPoint","urlTemplate":"https:\/\/www.grabadoslaservip.com\/mx\/?s={search_term_string}"},"query-input":"required name=search_term_string"}],"inLanguage":"es"}]}},"_links":{"self":[{"href":"https:\/\/www.grabadoslaservip.com\/mx\/wp-json\/wp\/v2\/product\/8418"}],"collection":[{"href":"https:\/\/www.grabadoslaservip.com\/mx\/wp-json\/wp\/v2\/product"}],"about":[{"href":"https:\/\/www.grabadoslaservip.com\/mx\/wp-json\/wp\/v2\/types\/product"}],"replies":[{"embeddable":true,"href":"https:\/\/www.grabadoslaservip.com\/mx\/wp-json\/wp\/v2\/comments?post=8418"}],"wp:featuredmedia":[{"embeddable":true,"href":"https:\/\/www.grabadoslaservip.com\/mx\/wp-json\/wp\/v2\/media\/8419"}],"wp:attachment":[{"href":"https:\/\/www.grabadoslaservip.com\/mx\/wp-json\/wp\/v2\/media?parent=8418"}],"wp:term":[{"taxonomy":"product_cat","embeddable":true,"href":"https:\/\/www.grabadoslaservip.com\/mx\/wp-json\/wp\/v2\/product_cat?post=8418"},{"taxonomy":"product_tag","embeddable":true,"href":"https:\/\/www.grabadoslaservip.com\/mx\/wp-json\/wp\/v2\/product_tag?post=8418"}],"curies":[{"name":"wp","href":"https:\/\/api.w.org\/{rel}","templated":true}]}}